{"id":402,"date":"2021-09-07T20:39:52","date_gmt":"2021-09-07T18:39:52","guid":{"rendered":"https:\/\/amorepinsa.com\/produkte\/"},"modified":"2021-09-07T21:44:56","modified_gmt":"2021-09-07T19:44:56","slug":"produkte","status":"publish","type":"page","link":"https:\/\/amorepinsa.com\/de\/produkte\/","title":{"rendered":"Produkte"},"content":{"rendered":"[vc_row type=&#8220;full_width_background&#8220; full_screen_row_position=&#8220;middle&#8220; column_margin=&#8220;default&#8220; column_direction=&#8220;default&#8220; column_direction_tablet=&#8220;default&#8220; column_direction_phone=&#8220;default&#8220; bg_color=&#8220;#ffffff&#8220; scene_position=&#8220;center&#8220; text_color=&#8220;dark&#8220; text_align=&#8220;left&#8220; row_border_radius=&#8220;none&#8220; row_border_radius_applies=&#8220;bg&#8220; row_name=&#8220;Tipologie di Prodotti&#8220; overlay_strength=&#8220;0.3&#8243; gradient_direction=&#8220;left_to_right&#8220; shape_divider_position=&#8220;bottom&#8220; bg_image_animation=&#8220;none&#8220; shape_type=&#8220;&#8220;][vc_column column_padding=&#8220;padding-4-percent&#8220; column_padding_tablet=&#8220;inherit&#8220; column_padding_phone=&#8220;inherit&#8220; column_padding_position=&#8220;all&#8220; column_element_spacing=&#8220;0px&#8220; background_color_opacity=&#8220;1&#8243; background_hover_color_opacity=&#8220;1&#8243; column_shadow=&#8220;none&#8220; column_border_radius=&#8220;none&#8220; column_link_target=&#8220;_self&#8220; gradient_direction=&#8220;left_to_right&#8220; overlay_strength=&#8220;0.3&#8243; width=&#8220;1\/1&#8243; tablet_width_inherit=&#8220;default&#8220; tablet_text_alignment=&#8220;default&#8220; phone_text_alignment=&#8220;default&#8220; bg_image_animation=&#8220;none&#8220; border_type=&#8220;advanced&#8220; column_border_style=&#8220;solid&#8220;][vc_row_inner equal_height=&#8220;yes&#8220; column_margin=&#8220;none&#8220; column_direction=&#8220;default&#8220; column_direction_tablet=&#8220;default&#8220; column_direction_phone=&#8220;default&#8220; text_align=&#8220;left&#8220;][vc_column_inner column_padding=&#8220;padding-5-percent&#8220; column_padding_tablet=&#8220;inherit&#8220; column_padding_phone=&#8220;inherit&#8220; column_padding_position=&#8220;all&#8220; column_element_spacing=&#8220;default&#8220; background_color_opacity=&#8220;1&#8243; background_hover_color_opacity=&#8220;1&#8243; column_shadow=&#8220;none&#8220; column_border_radius=&#8220;none&#8220; column_link_target=&#8220;_self&#8220; gradient_direction=&#8220;left_to_right&#8220; overlay_strength=&#8220;0.3&#8243; width=&#8220;1\/2&#8243; tablet_width_inherit=&#8220;default&#8220; bg_image_animation=&#8220;none&#8220; enable_animation=&#8220;true&#8220; animation=&#8220;fade-in&#8220; border_type=&#8220;simple&#8220; column_border_width=&#8220;none&#8220; column_border_style=&#8220;solid&#8220;][vc_column_text css=&#8220;.vc_custom_1630601691764{margin-bottom: 30px !important;}&#8220;]\n<h2 style=\"color: #dd3333\">Einzelportion Pinsa<\/h2>\n<p>Hergestellt mit a<strong> mittelschwerer Ball von<em> 140 Gramm<\/em><\/strong> , hat eine Gr\u00f6\u00dfe von<em> cm 16&#215;26 *, angegeben f\u00fcr die<strong> Stra\u00dfenessen<\/strong> &#8218;und f\u00fcr alle Veranstaltungen mit Fast Food.<\/em><\/p>\n<p>Verpackt in Kartons mit<strong> 60 Pinsa-Amore-Basen.<br \/>\n<\/strong><\/p>\n<h5>Verpackungen mit modifizierter Atmosph\u00e4re (ATM) sind auf Anfrage erh\u00e4ltlich.<\/h5>\n[\/vc_column_text][nectar_cta btn_style=&#8220;arrow-animation&#8220; heading_tag=&#8220;h5&#8243; text_color=&#8220;#dd3333&#8243; button_color=&#8220;default&#8220; link_type=&#8220;regular&#8220; alignment=&#8220;left&#8220; alignment_tablet=&#8220;default&#8220; alignment_phone=&#8220;default&#8220; display=&#8220;block&#8220; link_text=&#8220;Frage nach mehr Informationen&#8220; url=&#8220;\/Kontakte\/&#8220; margin_top=&#8220;20&#8243;][image_with_animation image_url=&#8220;429&#8243; animation=&#8220;None&#8220; hover_animation=&#8220;zoom-crop&#8220; alignment=&#8220;&#8220; img_link_large=&#8220;yes&#8220; border_radius=&#8220;none&#8220; box_shadow=&#8220;x_large_depth&#8220; image_loading=&#8220;default&#8220; max_width=&#8220;100%&#8220; max_width_mobile=&#8220;default&#8220;][\/vc_column_inner][vc_column_inner column_padding=&#8220;padding-5-percent&#8220; column_padding_tablet=&#8220;inherit&#8220; column_padding_phone=&#8220;inherit&#8220; column_padding_position=&#8220;all&#8220; column_element_spacing=&#8220;default&#8220; background_color_opacity=&#8220;1&#8243; background_hover_color_opacity=&#8220;1&#8243; column_shadow=&#8220;none&#8220; column_border_radius=&#8220;none&#8220; column_link_target=&#8220;_self&#8220; gradient_direction=&#8220;left_to_right&#8220; overlay_strength=&#8220;0.3&#8243; width=&#8220;1\/2&#8243; tablet_width_inherit=&#8220;default&#8220; bg_image_animation=&#8220;none&#8220; enable_animation=&#8220;true&#8220; animation=&#8220;fade-in&#8220; border_type=&#8220;advanced&#8220; border_left_desktop=&#8220;1&#8243; column_border_color=&#8220;#dd3333&#8243; column_border_style=&#8220;solid&#8220; delay=&#8220;150&#8243;][vc_column_text css=&#8220;.vc_custom_1630523373458{margin-bottom: 30px !important;}&#8220;]\n<h2 style=\"color: #dd3333\">Klassische Pinsa<\/h2>\n<p>Hergestellt mit a<strong> mittelschwerer Ball von<em> 260 Gramm<\/em><\/strong> , hat eine Gr\u00f6\u00dfe von 22 cm<em> x36 *<\/em> , angegeben f\u00fcr die<strong> Catering auf dem Teller, zum Weiterverkauf an der Theke oder zum Mitnehmen<\/strong> .<\/p>\n<p>Verpackt in Kartons mit<strong> 36 Pinsa-Amore-Basen.<br \/>\n<\/strong><\/p>\n<h5>Verpackungen mit modifizierter Atmosph\u00e4re (ATM) sind auf Anfrage erh\u00e4ltlich.<\/h5>\n[\/vc_column_text][nectar_cta btn_style=&#8220;arrow-animation&#8220; heading_tag=&#8220;h5&#8243; text_color=&#8220;#dd3333&#8243; button_color=&#8220;default&#8220; link_type=&#8220;regular&#8220; alignment=&#8220;left&#8220; alignment_tablet=&#8220;default&#8220; alignment_phone=&#8220;default&#8220; display=&#8220;block&#8220; link_text=&#8220;Frage nach mehr Informationen&#8220; url=&#8220;\/Kontakte\/&#8220; margin_top=&#8220;20&#8243;][image_with_animation image_url=&#8220;122&#8243; animation=&#8220;None&#8220; hover_animation=&#8220;zoom-crop&#8220; alignment=&#8220;&#8220; img_link_large=&#8220;yes&#8220; border_radius=&#8220;none&#8220; box_shadow=&#8220;x_large_depth&#8220; image_loading=&#8220;default&#8220; max_width=&#8220;100%&#8220; max_width_mobile=&#8220;default&#8220;][\/vc_column_inner][\/vc_row_inner][\/vc_column][vc_column column_padding=&#8220;no-extra-padding&#8220; column_padding_tablet=&#8220;inherit&#8220; column_padding_phone=&#8220;inherit&#8220; column_padding_position=&#8220;all&#8220; column_element_spacing=&#8220;default&#8220; background_color_opacity=&#8220;1&#8243; background_hover_color_opacity=&#8220;1&#8243; column_shadow=&#8220;none&#8220; column_border_radius=&#8220;none&#8220; column_link_target=&#8220;_self&#8220; gradient_direction=&#8220;left_to_right&#8220; overlay_strength=&#8220;0.3&#8243; width=&#8220;1\/1&#8243; tablet_width_inherit=&#8220;default&#8220; tablet_text_alignment=&#8220;default&#8220; phone_text_alignment=&#8220;default&#8220; bg_image_animation=&#8220;none&#8220; border_type=&#8220;simple&#8220; column_border_width=&#8220;none&#8220; column_border_style=&#8220;solid&#8220;][nectar_cta btn_style=&#8220;next-section&#8220; btn_type=&#8220;mouse-wheel&#8220; next_section_color=&#8220;#dd3333&#8243; alignment=&#8220;center&#8220; alignment_tablet=&#8220;default&#8220; alignment_phone=&#8220;default&#8220; margin_top=&#8220;0&#8243;][\/vc_column][\/vc_row][vc_row type=&#8220;full_width_background&#8220; full_screen_row_position=&#8220;middle&#8220; column_margin=&#8220;default&#8220; column_direction=&#8220;default&#8220; column_direction_tablet=&#8220;default&#8220; column_direction_phone=&#8220;default&#8220; bg_color=&#8220;#ffffff&#8220; scene_position=&#8220;center&#8220; text_color=&#8220;dark&#8220; text_align=&#8220;left&#8220; row_border_radius=&#8220;none&#8220; row_border_radius_applies=&#8220;bg&#8220; row_name=&#8220;Tipologie di Prodotti&#8220; overlay_strength=&#8220;0.3&#8243; gradient_direction=&#8220;left_to_right&#8220; shape_divider_position=&#8220;bottom&#8220; bg_image_animation=&#8220;none&#8220; shape_type=&#8220;&#8220;][vc_column column_padding=&#8220;padding-4-percent&#8220; column_padding_tablet=&#8220;inherit&#8220; column_padding_phone=&#8220;inherit&#8220; column_padding_position=&#8220;all&#8220; column_element_spacing=&#8220;0px&#8220; background_color_opacity=&#8220;1&#8243; background_hover_color_opacity=&#8220;1&#8243; column_shadow=&#8220;none&#8220; column_border_radius=&#8220;none&#8220; column_link_target=&#8220;_self&#8220; gradient_direction=&#8220;left_to_right&#8220; overlay_strength=&#8220;0.3&#8243; width=&#8220;1\/1&#8243; tablet_width_inherit=&#8220;default&#8220; tablet_text_alignment=&#8220;default&#8220; phone_text_alignment=&#8220;default&#8220; bg_image_animation=&#8220;none&#8220; border_type=&#8220;advanced&#8220; column_border_style=&#8220;solid&#8220;][vc_row_inner equal_height=&#8220;yes&#8220; column_margin=&#8220;none&#8220; column_direction=&#8220;default&#8220; column_direction_tablet=&#8220;default&#8220; column_direction_phone=&#8220;default&#8220; text_align=&#8220;left&#8220;][vc_column_inner column_padding=&#8220;padding-5-percent&#8220; column_padding_tablet=&#8220;inherit&#8220; column_padding_phone=&#8220;inherit&#8220; column_padding_position=&#8220;all&#8220; column_element_spacing=&#8220;default&#8220; background_color_opacity=&#8220;1&#8243; background_hover_color_opacity=&#8220;1&#8243; column_shadow=&#8220;none&#8220; column_border_radius=&#8220;none&#8220; column_link_target=&#8220;_self&#8220; gradient_direction=&#8220;left_to_right&#8220; overlay_strength=&#8220;0.3&#8243; width=&#8220;1\/2&#8243; tablet_width_inherit=&#8220;default&#8220; bg_image_animation=&#8220;none&#8220; enable_animation=&#8220;true&#8220; animation=&#8220;fade-in&#8220; border_type=&#8220;simple&#8220; column_border_width=&#8220;none&#8220; column_border_style=&#8220;solid&#8220;][vc_column_text css=&#8220;.vc_custom_1630602459103{margin-bottom: 30px !important;}&#8220;]\n<h2 style=\"color: #dd3333\">Pinsa XL<\/h2>\n<p>Hergestellt mit a<em> Ball mit einem Durchschnittsgewicht von 520 Gramm,<\/em> hat eine Gr\u00f6\u00dfe von<em> 22&#215;60 cm *<\/em> , angegeben f\u00fcr die<strong> Catering als Familiengr\u00f6\u00dfe und st\u00fcckweise zu verkaufen<\/strong> .<\/p>\n<p>Verpackt in Kartons mit<strong> 20 Pinsa-Liebesbasen.<br \/>\n<\/strong><\/p>\n<h5><em>Verpackungen mit modifizierter Atmosph\u00e4re (ATM) sind nicht verf\u00fcgbar. <\/em><\/h5>\n<p>&nbsp;[\/vc_column_text][nectar_cta btn_style=&#8220;arrow-animation&#8220; heading_tag=&#8220;h5&#8243; text_color=&#8220;#dd3333&#8243; button_color=&#8220;default&#8220; link_type=&#8220;regular&#8220; alignment=&#8220;left&#8220; alignment_tablet=&#8220;default&#8220; alignment_phone=&#8220;default&#8220; display=&#8220;block&#8220; link_text=&#8220;Frage nach mehr Informationen&#8220; url=&#8220;\/Kontakte\/&#8220; margin_top=&#8220;20&#8243;][image_with_animation image_url=&#8220;241&#8243; animation=&#8220;None&#8220; hover_animation=&#8220;zoom-crop&#8220; alignment=&#8220;&#8220; img_link_large=&#8220;yes&#8220; border_radius=&#8220;none&#8220; box_shadow=&#8220;x_large_depth&#8220; image_loading=&#8220;default&#8220; max_width=&#8220;100%&#8220; max_width_mobile=&#8220;default&#8220;][\/vc_column_inner][vc_column_inner column_padding=&#8220;padding-5-percent&#8220; column_padding_tablet=&#8220;inherit&#8220; column_padding_phone=&#8220;inherit&#8220; column_padding_position=&#8220;all&#8220; column_element_spacing=&#8220;default&#8220; background_color_opacity=&#8220;1&#8243; background_hover_color_opacity=&#8220;1&#8243; column_shadow=&#8220;none&#8220; column_border_radius=&#8220;none&#8220; column_link_target=&#8220;_self&#8220; gradient_direction=&#8220;left_to_right&#8220; overlay_strength=&#8220;0.3&#8243; width=&#8220;1\/2&#8243; tablet_width_inherit=&#8220;default&#8220; bg_image_animation=&#8220;none&#8220; enable_animation=&#8220;true&#8220; animation=&#8220;fade-in&#8220; border_type=&#8220;advanced&#8220; border_left_desktop=&#8220;1&#8243; column_border_color=&#8220;#dd3333&#8243; column_border_style=&#8220;solid&#8220; delay=&#8220;150&#8243;][vc_column_text css=&#8220;.vc_custom_1630602413286{margin-bottom: 30px !important;}&#8220;]\n<h2 style=\"color: #dd3333\">Runde Pinsa<\/h2>\n<p>Hergestellt mit a<strong> mittelschwerer Ball von<em> 270 Gramm<\/em><\/strong> , hat ein<em> Durchmesser von ca. 30cm<\/em> , angegeben f\u00fcr die<strong> Catering auf dem Teller, zum Weiterverkauf an der Theke oder zum Mitnehmen<\/strong> .<\/p>\n<p>Verpackt in Kartons mit<strong> 30 Pinsa-Liebesbasen.<br \/>\n<\/strong><\/p>\n<h5>Verpackungen mit modifizierter Atmosph\u00e4re (ATM) sind auf Anfrage erh\u00e4ltlich.<\/h5>\n[\/vc_column_text][nectar_cta btn_style=&#8220;arrow-animation&#8220; heading_tag=&#8220;h5&#8243; text_color=&#8220;#dd3333&#8243; button_color=&#8220;default&#8220; link_type=&#8220;regular&#8220; alignment=&#8220;left&#8220; alignment_tablet=&#8220;default&#8220; alignment_phone=&#8220;default&#8220; display=&#8220;block&#8220; link_text=&#8220;Frage nach mehr Informationen&#8220; url=&#8220;\/Kontakte\/&#8220; margin_top=&#8220;20&#8243;][image_with_animation image_url=&#8220;118&#8243; animation=&#8220;None&#8220; hover_animation=&#8220;zoom-crop&#8220; alignment=&#8220;&#8220; img_link_large=&#8220;yes&#8220; border_radius=&#8220;none&#8220; box_shadow=&#8220;x_large_depth&#8220; image_loading=&#8220;default&#8220; max_width=&#8220;100%&#8220; max_width_mobile=&#8220;default&#8220;][\/vc_column_inner][\/vc_row_inner][\/vc_column][vc_column column_padding=&#8220;no-extra-padding&#8220; column_padding_tablet=&#8220;inherit&#8220; column_padding_phone=&#8220;inherit&#8220; column_padding_position=&#8220;all&#8220; column_element_spacing=&#8220;default&#8220; background_color_opacity=&#8220;1&#8243; background_hover_color_opacity=&#8220;1&#8243; column_shadow=&#8220;none&#8220; column_border_radius=&#8220;none&#8220; column_link_target=&#8220;_self&#8220; gradient_direction=&#8220;left_to_right&#8220; overlay_strength=&#8220;0.3&#8243; width=&#8220;1\/1&#8243; tablet_width_inherit=&#8220;default&#8220; tablet_text_alignment=&#8220;default&#8220; phone_text_alignment=&#8220;default&#8220; bg_image_animation=&#8220;none&#8220; border_type=&#8220;simple&#8220; column_border_width=&#8220;none&#8220; column_border_style=&#8220;solid&#8220;][nectar_cta btn_style=&#8220;next-section&#8220; btn_type=&#8220;mouse-wheel&#8220; next_section_color=&#8220;#dd3333&#8243; alignment=&#8220;center&#8220; alignment_tablet=&#8220;default&#8220; alignment_phone=&#8220;default&#8220; margin_top=&#8220;0&#8243;][\/vc_column][\/vc_row][vc_row type=&#8220;full_width_background&#8220; full_screen_row_position=&#8220;middle&#8220; column_margin=&#8220;default&#8220; column_direction=&#8220;default&#8220; column_direction_tablet=&#8220;default&#8220; column_direction_phone=&#8220;default&#8220; scene_position=&#8220;center&#8220; top_padding=&#8220;2%&#8220; bottom_padding=&#8220;2%&#8220; text_color=&#8220;dark&#8220; text_align=&#8220;left&#8220; row_border_radius=&#8220;none&#8220; row_border_radius_applies=&#8220;bg&#8220; row_name=&#8220;Galleria Immagine&#8220; overlay_strength=&#8220;0.3&#8243; gradient_direction=&#8220;left_to_right&#8220; shape_divider_position=&#8220;bottom&#8220; bg_image_animation=&#8220;none&#8220; shape_type=&#8220;&#8220;][vc_column column_padding=&#8220;no-extra-padding&#8220; column_padding_tablet=&#8220;inherit&#8220; column_padding_phone=&#8220;inherit&#8220; column_padding_position=&#8220;all&#8220; column_element_spacing=&#8220;default&#8220; background_color_opacity=&#8220;1&#8243; background_hover_color_opacity=&#8220;1&#8243; column_shadow=&#8220;none&#8220; column_border_radius=&#8220;none&#8220; column_link_target=&#8220;_self&#8220; gradient_direction=&#8220;left_to_right&#8220; overlay_strength=&#8220;0.3&#8243; width=&#8220;1\/1&#8243; tablet_width_inherit=&#8220;default&#8220; tablet_text_alignment=&#8220;default&#8220; phone_text_alignment=&#8220;default&#8220; bg_image_animation=&#8220;none&#8220; border_type=&#8220;simple&#8220; column_border_width=&#8220;none&#8220; column_border_style=&#8220;solid&#8220;][vc_column_text css=&#8220;.vc_custom_1630523411326{padding-top: 80px !important;}&#8220;]\n<h1 style=\"color: #dd3333;text-align: center\">Nur einige der Wunder, die Ihre K\u00fcche bereichern werden<\/h1>\n[\/vc_column_text][vc_gallery type=&#8220;nectarslider_style&#8220; images=&#8220;124,122,121,119,118,117,114,113,112,110,107,106,105,104,103,101&#8243; image_loading=&#8220;lazy-load&#8220; bullet_navigation=&#8220;true&#8220; bullet_navigation_style=&#8220;see_through_ar_visualized&#8220; onclick=&#8220;link_image&#8220; img_size=&#8220;full&#8220;][\/vc_column][\/vc_row]\n","protected":false},"excerpt":{"rendered":"<p>[vc_row type=&#8220;full_width_background&#8220; full_screen_row_position=&#8220;middle&#8220; column_margin=&#8220;default&#8220; column_direction=&#8220;default&#8220; column_direction_tablet=&#8220;default&#8220; column_direction_phone=&#8220;default&#8220; bg_color=&#8220;#ffffff&#8220; scene_position=&#8220;center&#8220; text_color=&#8220;dark&#8220; text_align=&#8220;left&#8220; row_border_radius=&#8220;none&#8220; row_border_radius_applies=&#8220;bg&#8220; row_name=&#8220;Tipologie di Prodotti&#8220; overlay_strength=&#8220;0.3&#8243; gradient_direction=&#8220;left_to_right&#8220; shape_divider_position=&#8220;bottom&#8220; bg_image_animation=&#8220;none&#8220; shape_type=&#8220;&#8220;][vc_column column_padding=&#8220;padding-4-percent&#8220; column_padding_tablet=&#8220;inherit&#8220; column_padding_phone=&#8220;inherit&#8220; column_padding_position=&#8220;all&#8220; column_element_spacing=&#8220;0px&#8220; background_color_opacity=&#8220;1&#8243; background_hover_color_opacity=&#8220;1&#8243; column_shadow=&#8220;none&#8220; column_border_radius=&#8220;none&#8220;&#8230;<\/p>\n","protected":false},"author":1,"featured_media":0,"parent":0,"menu_order":0,"comment_status":"closed","ping_status":"closed","template":"","meta":{"footnotes":""},"class_list":["post-402","page","type-page","status-publish"],"yoast_head":"<!-- This site is optimized with the Yoast SEO plugin v27.4 - https:\/\/yoast.com\/product\/yoast-seo-wordpress\/ -->\n<title>Produkte &#8212; Amore Pinsa Group<\/title>\n<meta name=\"description\" content=\"Entdecken Sie alle Produktionen von Amore Pinsa f\u00fcr Restaurants, Bars und Gro\u00dfh\u00e4ndler. Wir schaffen die Basis, Ihre Fantasie ist das Dressing!\" \/>\n<meta name=\"robots\" content=\"index, follow, max-snippet:-1, max-image-preview:large, max-video-preview:-1\" \/>\n<link rel=\"canonical\" href=\"https:\/\/amorepinsa.com\/de\/produkte\/\" \/>\n<meta property=\"og:locale\" content=\"de_DE\" \/>\n<meta property=\"og:type\" content=\"article\" \/>\n<meta property=\"og:title\" content=\"Produkte &#8212; Amore Pinsa Group\" \/>\n<meta property=\"og:description\" content=\"Entdecken Sie alle Produktionen von Amore Pinsa f\u00fcr Restaurants, Bars und Gro\u00dfh\u00e4ndler. Wir schaffen die Basis, Ihre Fantasie ist das Dressing!\" \/>\n<meta property=\"og:url\" content=\"https:\/\/amorepinsa.com\/de\/produkte\/\" \/>\n<meta property=\"og:site_name\" content=\"Amore Pinsa Group\" \/>\n<meta property=\"article:publisher\" content=\"https:\/\/m.facebook.com\/AmorePinsa\/\" \/>\n<meta property=\"article:modified_time\" content=\"2021-09-07T19:44:56+00:00\" \/>\n<meta property=\"og:image\" content=\"https:\/\/amorepinsa.com\/wp-content\/uploads\/2021\/09\/pinsa-bufala-fresca-scaled.jpg\" \/>\n\t<meta property=\"og:image:width\" content=\"2560\" \/>\n\t<meta property=\"og:image:height\" content=\"2560\" \/>\n\t<meta property=\"og:image:type\" content=\"image\/jpeg\" \/>\n<meta name=\"twitter:card\" content=\"summary_large_image\" \/>\n<meta name=\"twitter:label1\" content=\"Gesch\u00e4tzte Lesezeit\" \/>\n\t<meta name=\"twitter:data1\" content=\"8\u00a0Minuten\" \/>\n<script type=\"application\/ld+json\" class=\"yoast-schema-graph\">{\"@context\":\"https:\\\/\\\/schema.org\",\"@graph\":[{\"@type\":\"WebPage\",\"@id\":\"https:\\\/\\\/amorepinsa.com\\\/de\\\/produkte\\\/\",\"url\":\"https:\\\/\\\/amorepinsa.com\\\/de\\\/produkte\\\/\",\"name\":\"Produkte &#8212; Amore Pinsa Group\",\"isPartOf\":{\"@id\":\"https:\\\/\\\/amorepinsa.com\\\/#website\"},\"datePublished\":\"2021-09-07T18:39:52+00:00\",\"dateModified\":\"2021-09-07T19:44:56+00:00\",\"description\":\"Entdecken Sie alle Produktionen von Amore Pinsa f\u00fcr Restaurants, Bars und Gro\u00dfh\u00e4ndler. Wir schaffen die Basis, Ihre Fantasie ist das Dressing!\",\"breadcrumb\":{\"@id\":\"https:\\\/\\\/amorepinsa.com\\\/de\\\/produkte\\\/#breadcrumb\"},\"inLanguage\":\"de\",\"potentialAction\":[{\"@type\":\"ReadAction\",\"target\":[\"https:\\\/\\\/amorepinsa.com\\\/de\\\/produkte\\\/\"]}]},{\"@type\":\"BreadcrumbList\",\"@id\":\"https:\\\/\\\/amorepinsa.com\\\/de\\\/produkte\\\/#breadcrumb\",\"itemListElement\":[{\"@type\":\"ListItem\",\"position\":1,\"name\":\"Home\",\"item\":\"https:\\\/\\\/amorepinsa.com\\\/de\\\/\"},{\"@type\":\"ListItem\",\"position\":2,\"name\":\"Produkte\"}]},{\"@type\":\"WebSite\",\"@id\":\"https:\\\/\\\/amorepinsa.com\\\/#website\",\"url\":\"https:\\\/\\\/amorepinsa.com\\\/\",\"name\":\"Amore Pinsa Group\",\"description\":\"La Pinsa fatta con Amore\",\"publisher\":{\"@id\":\"https:\\\/\\\/amorepinsa.com\\\/#organization\"},\"potentialAction\":[{\"@type\":\"SearchAction\",\"target\":{\"@type\":\"EntryPoint\",\"urlTemplate\":\"https:\\\/\\\/amorepinsa.com\\\/?s={search_term_string}\"},\"query-input\":{\"@type\":\"PropertyValueSpecification\",\"valueRequired\":true,\"valueName\":\"search_term_string\"}}],\"inLanguage\":\"de\"},{\"@type\":\"Organization\",\"@id\":\"https:\\\/\\\/amorepinsa.com\\\/#organization\",\"name\":\"Amore Pinsa Group\",\"url\":\"https:\\\/\\\/amorepinsa.com\\\/\",\"logo\":{\"@type\":\"ImageObject\",\"inLanguage\":\"de\",\"@id\":\"https:\\\/\\\/amorepinsa.com\\\/#\\\/schema\\\/logo\\\/image\\\/\",\"url\":\"https:\\\/\\\/amorepinsa.com\\\/wp-content\\\/uploads\\\/2021\\\/09\\\/amore-pinsa-red.png\",\"contentUrl\":\"https:\\\/\\\/amorepinsa.com\\\/wp-content\\\/uploads\\\/2021\\\/09\\\/amore-pinsa-red.png\",\"width\":848,\"height\":768,\"caption\":\"Amore Pinsa Group\"},\"image\":{\"@id\":\"https:\\\/\\\/amorepinsa.com\\\/#\\\/schema\\\/logo\\\/image\\\/\"},\"sameAs\":[\"https:\\\/\\\/m.facebook.com\\\/AmorePinsa\\\/\",\"https:\\\/\\\/www.instagram.com\\\/pins.amore\\\/\"]}]}<\/script>\n<!-- \/ Yoast SEO plugin. -->","yoast_head_json":{"title":"Produkte &#8212; Amore Pinsa Group","description":"Entdecken Sie alle Produktionen von Amore Pinsa f\u00fcr Restaurants, Bars und Gro\u00dfh\u00e4ndler. Wir schaffen die Basis, Ihre Fantasie ist das Dressing!","robots":{"index":"index","follow":"follow","max-snippet":"max-snippet:-1","max-image-preview":"max-image-preview:large","max-video-preview":"max-video-preview:-1"},"canonical":"https:\/\/amorepinsa.com\/de\/produkte\/","og_locale":"de_DE","og_type":"article","og_title":"Produkte &#8212; Amore Pinsa Group","og_description":"Entdecken Sie alle Produktionen von Amore Pinsa f\u00fcr Restaurants, Bars und Gro\u00dfh\u00e4ndler. Wir schaffen die Basis, Ihre Fantasie ist das Dressing!","og_url":"https:\/\/amorepinsa.com\/de\/produkte\/","og_site_name":"Amore Pinsa Group","article_publisher":"https:\/\/m.facebook.com\/AmorePinsa\/","article_modified_time":"2021-09-07T19:44:56+00:00","og_image":[{"width":2560,"height":2560,"url":"https:\/\/amorepinsa.com\/wp-content\/uploads\/2021\/09\/pinsa-bufala-fresca-scaled.jpg","type":"image\/jpeg"}],"twitter_card":"summary_large_image","twitter_misc":{"Gesch\u00e4tzte Lesezeit":"8\u00a0Minuten"},"schema":{"@context":"https:\/\/schema.org","@graph":[{"@type":"WebPage","@id":"https:\/\/amorepinsa.com\/de\/produkte\/","url":"https:\/\/amorepinsa.com\/de\/produkte\/","name":"Produkte &#8212; Amore Pinsa Group","isPartOf":{"@id":"https:\/\/amorepinsa.com\/#website"},"datePublished":"2021-09-07T18:39:52+00:00","dateModified":"2021-09-07T19:44:56+00:00","description":"Entdecken Sie alle Produktionen von Amore Pinsa f\u00fcr Restaurants, Bars und Gro\u00dfh\u00e4ndler. Wir schaffen die Basis, Ihre Fantasie ist das Dressing!","breadcrumb":{"@id":"https:\/\/amorepinsa.com\/de\/produkte\/#breadcrumb"},"inLanguage":"de","potentialAction":[{"@type":"ReadAction","target":["https:\/\/amorepinsa.com\/de\/produkte\/"]}]},{"@type":"BreadcrumbList","@id":"https:\/\/amorepinsa.com\/de\/produkte\/#breadcrumb","itemListElement":[{"@type":"ListItem","position":1,"name":"Home","item":"https:\/\/amorepinsa.com\/de\/"},{"@type":"ListItem","position":2,"name":"Produkte"}]},{"@type":"WebSite","@id":"https:\/\/amorepinsa.com\/#website","url":"https:\/\/amorepinsa.com\/","name":"Amore Pinsa Group","description":"La Pinsa fatta con Amore","publisher":{"@id":"https:\/\/amorepinsa.com\/#organization"},"potentialAction":[{"@type":"SearchAction","target":{"@type":"EntryPoint","urlTemplate":"https:\/\/amorepinsa.com\/?s={search_term_string}"},"query-input":{"@type":"PropertyValueSpecification","valueRequired":true,"valueName":"search_term_string"}}],"inLanguage":"de"},{"@type":"Organization","@id":"https:\/\/amorepinsa.com\/#organization","name":"Amore Pinsa Group","url":"https:\/\/amorepinsa.com\/","logo":{"@type":"ImageObject","inLanguage":"de","@id":"https:\/\/amorepinsa.com\/#\/schema\/logo\/image\/","url":"https:\/\/amorepinsa.com\/wp-content\/uploads\/2021\/09\/amore-pinsa-red.png","contentUrl":"https:\/\/amorepinsa.com\/wp-content\/uploads\/2021\/09\/amore-pinsa-red.png","width":848,"height":768,"caption":"Amore Pinsa Group"},"image":{"@id":"https:\/\/amorepinsa.com\/#\/schema\/logo\/image\/"},"sameAs":["https:\/\/m.facebook.com\/AmorePinsa\/","https:\/\/www.instagram.com\/pins.amore\/"]}]}},"_links":{"self":[{"href":"https:\/\/amorepinsa.com\/de\/wp-json\/wp\/v2\/pages\/402","targetHints":{"allow":["GET"]}}],"collection":[{"href":"https:\/\/amorepinsa.com\/de\/wp-json\/wp\/v2\/pages"}],"about":[{"href":"https:\/\/amorepinsa.com\/de\/wp-json\/wp\/v2\/types\/page"}],"author":[{"embeddable":true,"href":"https:\/\/amorepinsa.com\/de\/wp-json\/wp\/v2\/users\/1"}],"replies":[{"embeddable":true,"href":"https:\/\/amorepinsa.com\/de\/wp-json\/wp\/v2\/comments?post=402"}],"version-history":[{"count":10,"href":"https:\/\/amorepinsa.com\/de\/wp-json\/wp\/v2\/pages\/402\/revisions"}],"predecessor-version":[{"id":556,"href":"https:\/\/amorepinsa.com\/de\/wp-json\/wp\/v2\/pages\/402\/revisions\/556"}],"wp:attachment":[{"href":"https:\/\/amorepinsa.com\/de\/wp-json\/wp\/v2\/media?parent=402"}],"curies":[{"name":"wp","href":"https:\/\/api.w.org\/{rel}","templated":true}]}}