{"id":395,"date":"2021-09-07T20:39:37","date_gmt":"2021-09-07T18:39:37","guid":{"rendered":"https:\/\/amorepinsa.com\/datenschutz-bestimmungen\/"},"modified":"2021-09-07T20:39:45","modified_gmt":"2021-09-07T18:39:45","slug":"datenschutz-bestimmungen","status":"publish","type":"page","link":"https:\/\/amorepinsa.com\/de\/datenschutz-bestimmungen\/","title":{"rendered":"Datenschutz-Bestimmungen"},"content":{"rendered":"[vc_row type=&#8220;in_container&#8220; full_screen_row_position=&#8220;middle&#8220; column_margin=&#8220;default&#8220; column_direction=&#8220;default&#8220; column_direction_tablet=&#8220;default&#8220; column_direction_phone=&#8220;default&#8220; scene_position=&#8220;center&#8220; text_color=&#8220;dark&#8220; text_align=&#8220;left&#8220; row_border_radius=&#8220;none&#8220; row_border_radius_applies=&#8220;bg&#8220; overlay_strength=&#8220;0.3&#8243; gradient_direction=&#8220;left_to_right&#8220; shape_divider_position=&#8220;bottom&#8220; bg_image_animation=&#8220;none&#8220;][vc_column column_padding=&#8220;no-extra-padding&#8220; column_padding_tablet=&#8220;inherit&#8220; column_padding_phone=&#8220;inherit&#8220; column_padding_position=&#8220;all&#8220; background_color_opacity=&#8220;1&#8243; background_hover_color_opacity=&#8220;1&#8243; column_shadow=&#8220;none&#8220; column_border_radius=&#8220;none&#8220; column_link_target=&#8220;_self&#8220; gradient_direction=&#8220;left_to_right&#8220; overlay_strength=&#8220;0.3&#8243; width=&#8220;1\/1&#8243; tablet_width_inherit=&#8220;default&#8220; tablet_text_alignment=&#8220;default&#8220; phone_text_alignment=&#8220;default&#8220; column_border_width=&#8220;none&#8220; column_border_style=&#8220;solid&#8220; bg_image_animation=&#8220;none&#8220;][split_line_heading animation_type=&#8220;line-reveal-by-space&#8220; font_style=&#8220;h1&#8243; text_content=&#8220;Datenschutz und Nutzungsbedingungen Informationen zur Vertraulichkeit personenbezogener Daten&#8220;]Datenschutz und Nutzungsbedingungen Informationen zur Vertraulichkeit personenbezogener Daten[\/split_line_heading][divider line_type=&#8220;Small Line&#8220; line_alignment=&#8220;center&#8220; line_thickness=&#8220;4&#8243; divider_color=&#8220;accent-color&#8220; animate=&#8220;yes&#8220; custom_height=&#8220;15%&#8220;][nectar_animated_title heading_tag=&#8220;h4&#8243; style=&#8220;color-strip-reveal&#8220; color=&#8220;Extra-Color-2&#8243; text=&#8220;Einf\u00fchrung&#8220;][vc_column_text css_animation=&#8220;fadeIn&#8220;]\n<p>Diese Informationen werden gem\u00e4\u00df Art. 13 der EU-Verordnung Nr. 2016\/679 (im Folgenden DSGVO 2016\/679), um Sie dar\u00fcber zu informieren, dass die von Ihnen angegebenen personenbezogenen Daten in \u00dcbereinstimmung mit den oben genannten Rechtsvorschriften und den Vertraulichkeitsverpflichtungen verarbeitet werden, f\u00fcr die die Amore Pinsa Group Sagl verantwortlich ist, in Person des gesetzlicher Vertreter Angelo Salvo Via Vignazzola, 155, 20822 Seveso MB, Italien | Umsatzsteuer-Identifikationsnummer 10839640967<\/p>\n[\/vc_column_text][divider line_type=&#8220;Small Line&#8220; line_alignment=&#8220;center&#8220; line_thickness=&#8220;4&#8243; divider_color=&#8220;accent-color&#8220; animate=&#8220;yes&#8220; custom_height=&#8220;15%&#8220;][nectar_animated_title heading_tag=&#8220;h4&#8243; style=&#8220;color-strip-reveal&#8220; color=&#8220;Accent-Color&#8220; text=&#8220;Datenschutzerkl\u00e4rung &amp; Cookie-Richtlinie&#8220;][vc_column_text css_animation=&#8220;fadeIn&#8220;]\n<p>Die Amore Pinsa Group Sagl freut sich \u00fcber Ihren Besuch auf unseren Webseiten und Ihr Interesse an unserem Unternehmen und unseren Produkten und Dienstleistungen. Der Schutz Ihrer personenbezogenen Daten bei der Verarbeitung w\u00e4hrend des gesamten Gesch\u00e4ftsvorgangs ist uns ein wichtiges Anliegen und deshalb m\u00f6chten wir, dass Sie sich beim Besuch unserer Webseiten sicher f\u00fchlen.<\/p>\n<p>Nachfolgend erl\u00e4utern wir, welche Informationen w\u00e4hrend Ihres Besuchs auf unseren Internetseiten erfasst und wie diese genutzt werden.[\/vc_column_text][nectar_animated_title heading_tag=&#8220;h4&#8243; style=&#8220;color-strip-reveal&#8220; color=&#8220;Accent-Color&#8220; text=&#8220;pers\u00f6nliche Daten&#8220;][vc_column_text css_animation=&#8220;fadeIn&#8220;]\n<p>Personenbezogene Daten sind Einzelangaben \u00fcber pers\u00f6nliche oder sachliche Verh\u00e4ltnisse einer bestimmten oder bestimmbaren nat\u00fcrlichen Person. Darunter fallen Informationen wie z. Ihr richtiger Name, Adresse, Telefonnummer und Geburtsdatum. Informationen, die nicht direkt mit Ihrer wirklichen Identit\u00e4t in Verbindung gebracht werden, wie z. Lieblingswebseiten oder die Anzahl und Nutzung einer Seite fallen nicht in die Kategorie der personenbezogenen Daten.<\/p>\n[\/vc_column_text][nectar_animated_title heading_tag=&#8220;h4&#8243; style=&#8220;color-strip-reveal&#8220; color=&#8220;Accent-Color&#8220; text=&#8220;Erhebung und Verarbeitung personenbezogener Daten&#8220;][vc_column_text css_animation=&#8220;fadeIn&#8220;]\n<p>Beim Besuch unserer Webseiten werden Daten in Logfiles und durch Suchmaschinen erfasst. Unsere Webserver speichern in der Regel und aus Sicherheitsgr\u00fcnden die Verbindungsdaten des Zugriffssuchenden, die besuchten Seiten, das Datum und die Dauer des Besuchs, die Identifikationsdaten des Typs des Internetbrowsers und des verwendeten Betriebssystems sowie das Web Seite der Herkunft. Personenbezogene Daten wie Name, Anschrift, Telefonnummer oder E-Mail-Adresse werden nicht erhoben, es sei denn, diese werden von Ihnen freiwillig, z. zur Registrierung, f\u00fcr eine Umfrage oder zur Vertragsabwicklung oder Informationsanfrage.<\/p>\n[\/vc_column_text][nectar_animated_title heading_tag=&#8220;h4&#8243; style=&#8220;color-strip-reveal&#8220; color=&#8220;Accent-Color&#8220; text=&#8220;Nutzung und Weitergabe personenbezogener Daten&#8220;][vc_column_text css_animation=&#8220;fadeIn&#8220;]\n<p>Die zur Verf\u00fcgung gestellten personenbezogenen Daten werden ausschlie\u00dflich zum Zweck der technischen Verwaltung der Website und zur Erf\u00fcllung Ihrer W\u00fcnsche und Bed\u00fcrfnisse sowie selbstverst\u00e4ndlich zur Abwicklung von Gesch\u00e4ftspraktiken oder zur Beantwortung Ihrer Anfragen verwendet. Erst nach Ihrer Einwilligung oder wenn kein gesetzlicher Widerspruch vorliegt, verwenden wir die Daten f\u00fcr Produktanfragen und f\u00fcr Marketingzwecke.<br \/>\nEine \u00dcbermittlung, Abtretung, ein Verkauf oder eine sonstige \u00dcbermittlung Ihrer Daten an Dritte erfolgt nicht, es sei denn, dies ist zur Vertragsabwicklung erforderlich oder es liegt Ihre schriftliche Einwilligung vor.<\/p>\n[\/vc_column_text][nectar_animated_title heading_tag=&#8220;h4&#8243; style=&#8220;color-strip-reveal&#8220; color=&#8220;Accent-Color&#8220; text=&#8220;Navigationsdaten&#8220;][vc_column_text css_animation=&#8220;fadeIn&#8220;]\n<p>Die f\u00fcr den Betrieb dieser Website bestimmten Computersysteme und Anwendungen erfassen w\u00e4hrend ihres normalen Betriebs einige Daten (deren \u00dcbertragung bei der Verwendung von Internet-Kommunikationsprotokollen implizit ist), die nicht direkt identifizierbaren Benutzern zugeordnet sind. Zu den gesammelten Daten geh\u00f6ren die IP-Adressen und Dom\u00e4nennamen der Computer, die von den Benutzern verwendet werden, die sich mit der Site verbinden, die URI-Adressen (Uniform Resource Identifier) der angeforderten Ressourcen, den Zeitpunkt der Anfrage, die Methode zum Senden der Anfrage an den Server, die Gr\u00f6\u00dfe der als Antwort erhaltenen Datei, den Zahlencode, der den Status der vom Server gegebenen Antwort angibt (erfolgreich, Fehler usw.) und andere Parameter bez\u00fcglich des Betriebssystems und der vom Benutzer verwendeten IT-Umgebung . Diese Daten werden nur f\u00fcr den unbedingt erforderlichen Zeitraum verarbeitet, um anonyme statistische Informationen \u00fcber die Nutzung der Website zu erhalten und deren ordnungsgem\u00e4\u00dfe Funktion zu \u00fcberpr\u00fcfen.<\/p>\n[\/vc_column_text][nectar_animated_title heading_tag=&#8220;h4&#8243; style=&#8220;color-strip-reveal&#8220; color=&#8220;Accent-Color&#8220; text=&#8220;L\u00f6schung von Daten&#8220;][vc_column_text css_animation=&#8220;fadeIn&#8220;]\n<p>Wenn Ihre Daten f\u00fcr die vorgenannten Zwecke, einschlie\u00dflich der Abrechnung, nicht mehr ben\u00f6tigt werden, werden sie gel\u00f6scht. Wir weisen darauf hin, dass bei jeder L\u00f6schung die Daten zun\u00e4chst gesperrt und nach Ablauf einer bestimmten Zeit endg\u00fcltig gel\u00f6scht werden, um eine vors\u00e4tzliche Besch\u00e4digung oder eine versehentliche L\u00f6schung zu verhindern. Technisch werden die Daten ggf. vom Assistance-Dienst in Sicherungs- und Spiegeldateien dupliziert. Solche Kopien werden in jedem Fall nach einer m\u00f6glicherweise technisch festgelegten Zeit entfernt.<\/p>\n[\/vc_column_text][nectar_animated_title heading_tag=&#8220;h4&#8243; style=&#8220;color-strip-reveal&#8220; color=&#8220;Accent-Color&#8220; text=&#8220;Pl\u00e4tzchen&#8220;][vc_column_text css_animation=&#8220;fadeIn&#8220;]\n<p>Wenn Sie eine unserer Webseiten besuchen, k\u00f6nnen Informationen in Form von \u201eCookies\u201c auf Ihren Computer \u00fcbertragen werden.<br \/>\nCookies sind kleine Textzeichenfolgen, die die vom Benutzer besuchten Sites an sein Endger\u00e4t (normalerweise den Browser) senden, wo sie gespeichert werden, um dann beim n\u00e4chsten Besuch desselben Benutzers an dieselben Sites erneut \u00fcbertragen zu werden. W\u00e4hrend des Surfens auf einer Website kann der Benutzer auf seinem Endger\u00e4t auch Cookies empfangen, die von verschiedenen Websites oder Webservern (sogenannten &#8222;Dritten&#8220;) gesendet werden, auf denen sich einige Elemente befinden k\u00f6nnen (wie zum Beispiel Bilder, Karten, Sounds, spezifische Links zu Seiten anderer Domains), die auf der Website vorhanden sind, die dieselbe besucht<br \/>\nEs k\u00f6nnen zwei Makrokategorien von Cookies identifiziert werden: \u201etechnische\u201c Cookies und \u201eProfiling\u201c-Cookies.<\/p>\n<p>Technische Cookies garantieren die normale Navigation und Nutzung der Website (um beispielsweise einen Kauf zu t\u00e4tigen oder sich f\u00fcr den Zugang zu eingeschr\u00e4nkten Bereichen zu authentifizieren). Ohne die Verwendung dieser Cookies k\u00f6nnten einige Vorg\u00e4nge nicht ausgef\u00fchrt werden oder w\u00e4ren komplexer und \/ oder weniger sicher; f\u00fcr diese Cookies, die es beispielsweise erm\u00f6glichen, eine Identifizierung vorzunehmen und aufrechtzuerhalten<br \/>\ndes Nutzers w\u00e4hrend der Sitzung, sind unabdingbar;<br \/>\nProfiling-Cookies dienen der Erstellung von Benutzerprofilen und k\u00f6nnen verwendet werden, um Werbebotschaften entsprechend den vom Benutzer ge\u00e4u\u00dferten Pr\u00e4ferenzen zu versenden oder um detaillierte Analysen oder Berichte dar\u00fcber im Rahmen des Surfens im Internet zu erstellen.<\/p>\n<p>Nur f\u00fcr die Installation von technischen Cookies besteht eine Informationspflicht gem\u00e4\u00df Art. 13 des Kodex, w\u00e4hrend die vorherige Zustimmung der Benutzer nicht erforderlich ist.<br \/>\nAuf dieser Website sind nur technische Cookies funktionsf\u00e4hig, die f\u00fcr die Navigation erforderlich sind und wesentliche Funktionen wie Authentifizierung, Validierung und Verwaltung einer Browsersitzung erm\u00f6glichen.<\/p>\n<p>Sie erm\u00f6glichen beispielsweise: festzustellen, ob der Benutzer regelm\u00e4\u00dfig auf die Bereiche der Website zugegriffen hat, die eine vorherige Authentifizierung oder Benutzervalidierung erfordern, und die Verwaltung von Sitzungen in Bezug auf die verschiedenen Dienste und Anwendungen oder die Speicherung von Daten f\u00fcr den Zugriff im abgesicherten Modus. Es gibt auch spezielle technische Cookies, die verwendet werden, um Zugriffe \/ Besuche auf der Website statistisch zu analysieren (sog. &#8222;Cookie-Analyse&#8220;), die ausschlie\u00dflich statistischen Zwecken (und nicht einmal Profiling oder Marketing) dienen und Informationen in aggregierter Form sammeln, ohne die M\u00f6glichkeit einer Identifizierung zu verfolgen des einzelnen Benutzers.<\/p>\n<p>Wenn Sie nicht m\u00f6chten, dass Ihr Computer wiedererkannt wird, stellen Sie Ihren Internetbrowser so ein, dass er Cookies von der Festplatte Ihres PCs l\u00f6scht, alle Cookies blockiert oder Sie warnt, bevor ein Cookie gespeichert wird.<\/p>\n[\/vc_column_text][nectar_animated_title heading_tag=&#8220;h4&#8243; style=&#8220;color-strip-reveal&#8220; color=&#8220;Accent-Color&#8220; text=&#8220;Auskunftsrecht \/ Widerrufsrecht&#8220;][vc_column_text css_animation=&#8220;fadeIn&#8220;]\n<p>Auf schriftliche Anfrage teilen wir Ihnen mit, welche Art von Daten wir \u00fcber Sie gespeichert haben (z.B. Name, Anschrift etc.) und zu welchem Zweck wir diese verwenden. Sie haben das Recht, der Verwendung Ihrer Daten zu kommerziellen Zwecken ohne ausdr\u00fcckliche Einwilligung zu widersprechen. Die hierf\u00fcr verwendeten Daten werden von uns gesperrt. Eine einmal erteilte Einwilligung zur Datenverwendung zum Versand von Werbematerial an Ihre E-Mail-Adresse oder telefonisch k\u00f6nnen Sie jederzeit mit Wirkung f\u00fcr die Zukunft widerrufen.<\/p>\n[\/vc_column_text][nectar_animated_title heading_tag=&#8220;h4&#8243; style=&#8220;color-strip-reveal&#8220; color=&#8220;Accent-Color&#8220; text=&#8220;Kontaktdaten und \u00c4nderungen&#8220;][vc_column_text css_animation=&#8220;fadeIn&#8220;]\n<p>Bei Fragen zur Verarbeitung Ihrer personenbezogenen Daten k\u00f6nnen Sie sich an den Datenschutzbeauftragten der Amore Pinsa Group Sagl wenden, der Ihnen mit seinem Team f\u00fcr Auskunftsersuchen, Anregungen oder Beschwerden uneingeschr\u00e4nkt zur Verf\u00fcgung steht.<br \/>\nBitte richten Sie Ihre Fragen an folgende Adressen:<\/p>\n<p>info@amorepinsa.com<\/p>\n<p>Amore Pinsa Group Sagl beh\u00e4lt sich das Recht vor, den Inhalt dieser Datenschutzerkl\u00e4rung ohne vorherige Ank\u00fcndigung zu \u00e4ndern. Sobald eine \u00c4nderung vorgenommen wurde, stellen wir Ihnen die aktualisierte Version auf dieser Seite zur Verf\u00fcgung.<\/p>\n[\/vc_column_text][\/vc_column][\/vc_row]\n","protected":false},"excerpt":{"rendered":"<p>[vc_row type=&#8220;in_container&#8220; full_screen_row_position=&#8220;middle&#8220; column_margin=&#8220;default&#8220; column_direction=&#8220;default&#8220; column_direction_tablet=&#8220;default&#8220; column_direction_phone=&#8220;default&#8220; scene_position=&#8220;center&#8220; text_color=&#8220;dark&#8220; text_align=&#8220;left&#8220; row_border_radius=&#8220;none&#8220; row_border_radius_applies=&#8220;bg&#8220; overlay_strength=&#8220;0.3&#8243; gradient_direction=&#8220;left_to_right&#8220; shape_divider_position=&#8220;bottom&#8220; bg_image_animation=&#8220;none&#8220;][vc_column column_padding=&#8220;no-extra-padding&#8220; column_padding_tablet=&#8220;inherit&#8220; column_padding_phone=&#8220;inherit&#8220; column_padding_position=&#8220;all&#8220; background_color_opacity=&#8220;1&#8243; background_hover_color_opacity=&#8220;1&#8243; column_shadow=&#8220;none&#8220; column_border_radius=&#8220;none&#8220; column_link_target=&#8220;_self&#8220; gradient_direction=&#8220;left_to_right&#8220; overlay_strength=&#8220;0.3&#8243; width=&#8220;1\/1&#8243; tablet_width_inherit=&#8220;default&#8220; tablet_text_alignment=&#8220;default&#8220;&#8230;<\/p>\n","protected":false},"author":1,"featured_media":0,"parent":0,"menu_order":0,"comment_status":"closed","ping_status":"open","template":"","meta":{"footnotes":""},"class_list":["post-395","page","type-page","status-publish"],"yoast_head":"<!-- This site is optimized with the Yoast SEO plugin v27.4 - https:\/\/yoast.com\/product\/yoast-seo-wordpress\/ -->\n<title>Datenschutz-Bestimmungen &#8212; Amore Pinsa Group<\/title>\n<meta name=\"robots\" content=\"index, follow, max-snippet:-1, max-image-preview:large, max-video-preview:-1\" \/>\n<link rel=\"canonical\" href=\"https:\/\/amorepinsa.com\/de\/datenschutz-bestimmungen\/\" \/>\n<meta property=\"og:locale\" content=\"de_DE\" \/>\n<meta property=\"og:type\" content=\"article\" \/>\n<meta property=\"og:title\" content=\"Datenschutz-Bestimmungen &#8212; Amore Pinsa Group\" \/>\n<meta property=\"og:description\" content=\"[vc_row type=&#8220;in_container&#8220; full_screen_row_position=&#8220;middle&#8220; column_margin=&#8220;default&#8220; column_direction=&#8220;default&#8220; column_direction_tablet=&#8220;default&#8220; column_direction_phone=&#8220;default&#8220; scene_position=&#8220;center&#8220; text_color=&#8220;dark&#8220; text_align=&#8220;left&#8220; row_border_radius=&#8220;none&#8220; row_border_radius_applies=&#8220;bg&#8220; overlay_strength=&#8220;0.3&#8243; gradient_direction=&#8220;left_to_right&#8220; shape_divider_position=&#8220;bottom&#8220; bg_image_animation=&#8220;none&#8220;][vc_column column_padding=&#8220;no-extra-padding&#8220; column_padding_tablet=&#8220;inherit&#8220; column_padding_phone=&#8220;inherit&#8220; column_padding_position=&#8220;all&#8220; background_color_opacity=&#8220;1&#8243; background_hover_color_opacity=&#8220;1&#8243; column_shadow=&#8220;none&#8220; column_border_radius=&#8220;none&#8220; column_link_target=&#8220;_self&#8220; gradient_direction=&#8220;left_to_right&#8220; overlay_strength=&#8220;0.3&#8243; width=&#8220;1\/1&#8243; tablet_width_inherit=&#8220;default&#8220; tablet_text_alignment=&#8220;default&#8220;...\" \/>\n<meta property=\"og:url\" content=\"https:\/\/amorepinsa.com\/de\/datenschutz-bestimmungen\/\" \/>\n<meta property=\"og:site_name\" content=\"Amore Pinsa Group\" \/>\n<meta property=\"article:publisher\" content=\"https:\/\/m.facebook.com\/AmorePinsa\/\" \/>\n<meta property=\"article:modified_time\" content=\"2021-09-07T18:39:45+00:00\" \/>\n<meta property=\"og:image\" content=\"https:\/\/amorepinsa.com\/wp-content\/uploads\/2021\/09\/pinsa-bufala-fresca-scaled.jpg\" \/>\n\t<meta property=\"og:image:width\" content=\"2560\" \/>\n\t<meta property=\"og:image:height\" content=\"2560\" \/>\n\t<meta property=\"og:image:type\" content=\"image\/jpeg\" \/>\n<meta name=\"twitter:card\" content=\"summary_large_image\" \/>\n<meta name=\"twitter:label1\" content=\"Gesch\u00e4tzte Lesezeit\" \/>\n\t<meta name=\"twitter:data1\" content=\"8\u00a0Minuten\" \/>\n<script type=\"application\/ld+json\" class=\"yoast-schema-graph\">{\"@context\":\"https:\\\/\\\/schema.org\",\"@graph\":[{\"@type\":\"WebPage\",\"@id\":\"https:\\\/\\\/amorepinsa.com\\\/de\\\/datenschutz-bestimmungen\\\/\",\"url\":\"https:\\\/\\\/amorepinsa.com\\\/de\\\/datenschutz-bestimmungen\\\/\",\"name\":\"Datenschutz-Bestimmungen &#8212; Amore Pinsa Group\",\"isPartOf\":{\"@id\":\"https:\\\/\\\/amorepinsa.com\\\/#website\"},\"datePublished\":\"2021-09-07T18:39:37+00:00\",\"dateModified\":\"2021-09-07T18:39:45+00:00\",\"breadcrumb\":{\"@id\":\"https:\\\/\\\/amorepinsa.com\\\/de\\\/datenschutz-bestimmungen\\\/#breadcrumb\"},\"inLanguage\":\"de\",\"potentialAction\":[{\"@type\":\"ReadAction\",\"target\":[\"https:\\\/\\\/amorepinsa.com\\\/de\\\/datenschutz-bestimmungen\\\/\"]}]},{\"@type\":\"BreadcrumbList\",\"@id\":\"https:\\\/\\\/amorepinsa.com\\\/de\\\/datenschutz-bestimmungen\\\/#breadcrumb\",\"itemListElement\":[{\"@type\":\"ListItem\",\"position\":1,\"name\":\"Home\",\"item\":\"https:\\\/\\\/amorepinsa.com\\\/de\\\/\"},{\"@type\":\"ListItem\",\"position\":2,\"name\":\"Datenschutz-Bestimmungen\"}]},{\"@type\":\"WebSite\",\"@id\":\"https:\\\/\\\/amorepinsa.com\\\/#website\",\"url\":\"https:\\\/\\\/amorepinsa.com\\\/\",\"name\":\"Amore Pinsa Group\",\"description\":\"La Pinsa fatta con Amore\",\"publisher\":{\"@id\":\"https:\\\/\\\/amorepinsa.com\\\/#organization\"},\"potentialAction\":[{\"@type\":\"SearchAction\",\"target\":{\"@type\":\"EntryPoint\",\"urlTemplate\":\"https:\\\/\\\/amorepinsa.com\\\/?s={search_term_string}\"},\"query-input\":{\"@type\":\"PropertyValueSpecification\",\"valueRequired\":true,\"valueName\":\"search_term_string\"}}],\"inLanguage\":\"de\"},{\"@type\":\"Organization\",\"@id\":\"https:\\\/\\\/amorepinsa.com\\\/#organization\",\"name\":\"Amore Pinsa Group\",\"url\":\"https:\\\/\\\/amorepinsa.com\\\/\",\"logo\":{\"@type\":\"ImageObject\",\"inLanguage\":\"de\",\"@id\":\"https:\\\/\\\/amorepinsa.com\\\/#\\\/schema\\\/logo\\\/image\\\/\",\"url\":\"https:\\\/\\\/amorepinsa.com\\\/wp-content\\\/uploads\\\/2021\\\/09\\\/amore-pinsa-red.png\",\"contentUrl\":\"https:\\\/\\\/amorepinsa.com\\\/wp-content\\\/uploads\\\/2021\\\/09\\\/amore-pinsa-red.png\",\"width\":848,\"height\":768,\"caption\":\"Amore Pinsa Group\"},\"image\":{\"@id\":\"https:\\\/\\\/amorepinsa.com\\\/#\\\/schema\\\/logo\\\/image\\\/\"},\"sameAs\":[\"https:\\\/\\\/m.facebook.com\\\/AmorePinsa\\\/\",\"https:\\\/\\\/www.instagram.com\\\/pins.amore\\\/\"]}]}<\/script>\n<!-- \/ Yoast SEO plugin. -->","yoast_head_json":{"title":"Datenschutz-Bestimmungen &#8212; Amore Pinsa Group","robots":{"index":"index","follow":"follow","max-snippet":"max-snippet:-1","max-image-preview":"max-image-preview:large","max-video-preview":"max-video-preview:-1"},"canonical":"https:\/\/amorepinsa.com\/de\/datenschutz-bestimmungen\/","og_locale":"de_DE","og_type":"article","og_title":"Datenschutz-Bestimmungen &#8212; Amore Pinsa Group","og_description":"[vc_row type=&#8220;in_container&#8220; full_screen_row_position=&#8220;middle&#8220; column_margin=&#8220;default&#8220; column_direction=&#8220;default&#8220; column_direction_tablet=&#8220;default&#8220; column_direction_phone=&#8220;default&#8220; scene_position=&#8220;center&#8220; text_color=&#8220;dark&#8220; text_align=&#8220;left&#8220; row_border_radius=&#8220;none&#8220; row_border_radius_applies=&#8220;bg&#8220; overlay_strength=&#8220;0.3&#8243; gradient_direction=&#8220;left_to_right&#8220; shape_divider_position=&#8220;bottom&#8220; bg_image_animation=&#8220;none&#8220;][vc_column column_padding=&#8220;no-extra-padding&#8220; column_padding_tablet=&#8220;inherit&#8220; column_padding_phone=&#8220;inherit&#8220; column_padding_position=&#8220;all&#8220; background_color_opacity=&#8220;1&#8243; background_hover_color_opacity=&#8220;1&#8243; column_shadow=&#8220;none&#8220; column_border_radius=&#8220;none&#8220; column_link_target=&#8220;_self&#8220; gradient_direction=&#8220;left_to_right&#8220; overlay_strength=&#8220;0.3&#8243; width=&#8220;1\/1&#8243; tablet_width_inherit=&#8220;default&#8220; tablet_text_alignment=&#8220;default&#8220;...","og_url":"https:\/\/amorepinsa.com\/de\/datenschutz-bestimmungen\/","og_site_name":"Amore Pinsa Group","article_publisher":"https:\/\/m.facebook.com\/AmorePinsa\/","article_modified_time":"2021-09-07T18:39:45+00:00","og_image":[{"width":2560,"height":2560,"url":"https:\/\/amorepinsa.com\/wp-content\/uploads\/2021\/09\/pinsa-bufala-fresca-scaled.jpg","type":"image\/jpeg"}],"twitter_card":"summary_large_image","twitter_misc":{"Gesch\u00e4tzte Lesezeit":"8\u00a0Minuten"},"schema":{"@context":"https:\/\/schema.org","@graph":[{"@type":"WebPage","@id":"https:\/\/amorepinsa.com\/de\/datenschutz-bestimmungen\/","url":"https:\/\/amorepinsa.com\/de\/datenschutz-bestimmungen\/","name":"Datenschutz-Bestimmungen &#8212; Amore Pinsa Group","isPartOf":{"@id":"https:\/\/amorepinsa.com\/#website"},"datePublished":"2021-09-07T18:39:37+00:00","dateModified":"2021-09-07T18:39:45+00:00","breadcrumb":{"@id":"https:\/\/amorepinsa.com\/de\/datenschutz-bestimmungen\/#breadcrumb"},"inLanguage":"de","potentialAction":[{"@type":"ReadAction","target":["https:\/\/amorepinsa.com\/de\/datenschutz-bestimmungen\/"]}]},{"@type":"BreadcrumbList","@id":"https:\/\/amorepinsa.com\/de\/datenschutz-bestimmungen\/#breadcrumb","itemListElement":[{"@type":"ListItem","position":1,"name":"Home","item":"https:\/\/amorepinsa.com\/de\/"},{"@type":"ListItem","position":2,"name":"Datenschutz-Bestimmungen"}]},{"@type":"WebSite","@id":"https:\/\/amorepinsa.com\/#website","url":"https:\/\/amorepinsa.com\/","name":"Amore Pinsa Group","description":"La Pinsa fatta con Amore","publisher":{"@id":"https:\/\/amorepinsa.com\/#organization"},"potentialAction":[{"@type":"SearchAction","target":{"@type":"EntryPoint","urlTemplate":"https:\/\/amorepinsa.com\/?s={search_term_string}"},"query-input":{"@type":"PropertyValueSpecification","valueRequired":true,"valueName":"search_term_string"}}],"inLanguage":"de"},{"@type":"Organization","@id":"https:\/\/amorepinsa.com\/#organization","name":"Amore Pinsa Group","url":"https:\/\/amorepinsa.com\/","logo":{"@type":"ImageObject","inLanguage":"de","@id":"https:\/\/amorepinsa.com\/#\/schema\/logo\/image\/","url":"https:\/\/amorepinsa.com\/wp-content\/uploads\/2021\/09\/amore-pinsa-red.png","contentUrl":"https:\/\/amorepinsa.com\/wp-content\/uploads\/2021\/09\/amore-pinsa-red.png","width":848,"height":768,"caption":"Amore Pinsa Group"},"image":{"@id":"https:\/\/amorepinsa.com\/#\/schema\/logo\/image\/"},"sameAs":["https:\/\/m.facebook.com\/AmorePinsa\/","https:\/\/www.instagram.com\/pins.amore\/"]}]}},"_links":{"self":[{"href":"https:\/\/amorepinsa.com\/de\/wp-json\/wp\/v2\/pages\/395","targetHints":{"allow":["GET"]}}],"collection":[{"href":"https:\/\/amorepinsa.com\/de\/wp-json\/wp\/v2\/pages"}],"about":[{"href":"https:\/\/amorepinsa.com\/de\/wp-json\/wp\/v2\/types\/page"}],"author":[{"embeddable":true,"href":"https:\/\/amorepinsa.com\/de\/wp-json\/wp\/v2\/users\/1"}],"replies":[{"embeddable":true,"href":"https:\/\/amorepinsa.com\/de\/wp-json\/wp\/v2\/comments?post=395"}],"version-history":[{"count":4,"href":"https:\/\/amorepinsa.com\/de\/wp-json\/wp\/v2\/pages\/395\/revisions"}],"predecessor-version":[{"id":401,"href":"https:\/\/amorepinsa.com\/de\/wp-json\/wp\/v2\/pages\/395\/revisions\/401"}],"wp:attachment":[{"href":"https:\/\/amorepinsa.com\/de\/wp-json\/wp\/v2\/media?parent=395"}],"curies":[{"name":"wp","href":"https:\/\/api.w.org\/{rel}","templated":true}]}}