{"id":360,"date":"2021-09-07T20:38:37","date_gmt":"2021-09-07T18:38:37","guid":{"rendered":"https:\/\/amorepinsa.com\/verteilung\/"},"modified":"2024-11-23T09:30:36","modified_gmt":"2024-11-23T08:30:36","slug":"verteilung","status":"publish","type":"page","link":"https:\/\/amorepinsa.com\/de\/verteilung\/","title":{"rendered":"Verteilung"},"content":{"rendered":"[vc_row type=&#8220;full_width_background&#8220; full_screen_row_position=&#8220;middle&#8220; column_margin=&#8220;90px&#8220; equal_height=&#8220;yes&#8220; content_placement=&#8220;middle&#8220; column_direction=&#8220;default&#8220; column_direction_tablet=&#8220;default&#8220; column_direction_phone=&#8220;default&#8220; bg_color=&#8220;#ffffff&#8220; scene_position=&#8220;center&#8220; top_padding_tablet=&#8220;8%&#8220; bottom_padding_tablet=&#8220;8%&#8220; text_color=&#8220;dark&#8220; text_align=&#8220;left&#8220; row_border_radius=&#8220;none&#8220; row_border_radius_applies=&#8220;bg&#8220; id=&#8220;home&#8220; row_name=&#8220;Pinsa Amore Group&#8220; overlay_strength=&#8220;0.5&#8243; gradient_direction=&#8220;top_to_bottom&#8220; shape_divider_position=&#8220;bottom&#8220; bg_image_animation=&#8220;none&#8220; shape_type=&#8220;straight_section&#8220;][vc_column column_padding=&#8220;padding-4-percent&#8220; column_padding_tablet=&#8220;no-extra-padding&#8220; column_padding_phone=&#8220;no-extra-padding&#8220; column_padding_position=&#8220;right&#8220; column_element_spacing=&#8220;10px&#8220; background_color_opacity=&#8220;1&#8243; background_hover_color_opacity=&#8220;1&#8243; column_shadow=&#8220;none&#8220; column_border_radius=&#8220;none&#8220; column_link_target=&#8220;_self&#8220; zindex=&#8220;100&#8243; gradient_direction=&#8220;left_t_to_right_b&#8220; overlay_strength=&#8220;0.3&#8243; width=&#8220;1\/2&#8243; tablet_width_inherit=&#8220;default&#8220; tablet_text_alignment=&#8220;default&#8220; phone_text_alignment=&#8220;default&#8220; bg_image_animation=&#8220;none&#8220; border_type=&#8220;simple&#8220; column_border_width=&#8220;none&#8220; column_border_style=&#8220;solid&#8220; offset=&#8220;vc_col-xs-12&#8243;][vc_column_text css_animation=&#8220;none&#8220; css=&#8220;.vc_custom_1630672661203{margin-bottom: 20px !important;}&#8220;]\n<h3>Vertriebsnetz<\/h3>\n[\/vc_column_text][vc_row_inner column_margin=&#8220;default&#8220; column_direction=&#8220;default&#8220; column_direction_tablet=&#8220;default&#8220; column_direction_phone=&#8220;default&#8220; text_align=&#8220;left&#8220; min_width=&#8220;47vh&#8220;][vc_column_inner column_padding=&#8220;no-extra-padding&#8220; column_padding_tablet=&#8220;inherit&#8220; column_padding_phone=&#8220;inherit&#8220; column_padding_position=&#8220;all&#8220; column_element_spacing=&#8220;5px&#8220; background_color_opacity=&#8220;1&#8243; background_hover_color_opacity=&#8220;1&#8243; column_shadow=&#8220;none&#8220; column_border_radius=&#8220;none&#8220; column_link_target=&#8220;_self&#8220; gradient_direction=&#8220;left_to_right&#8220; overlay_strength=&#8220;0.3&#8243; width=&#8220;1\/1&#8243; tablet_width_inherit=&#8220;default&#8220; bg_image_animation=&#8220;none&#8220; enable_animation=&#8220;true&#8220; animation=&#8220;fade-in-from-bottom&#8220; border_type=&#8220;simple&#8220; column_border_width=&#8220;none&#8220; column_border_style=&#8220;solid&#8220; enable_border_animation=&#8220;true&#8220;][vc_column_text]Unser Vertriebsnetz f\u00fcr Bars und Restaurants besteht aus w\u00f6chentlichen Lieferungen, die in die Provinz unterteilt sind und die wir in fast allen mit eigenen Mitteln durchf\u00fchren<strong> Provinzen der Lombardei<\/strong> .<\/p>\n<p>Wie f\u00fcr die<strong> Gro\u00dfh\u00e4ndler<\/strong> Wir haben Vereinbarungen mit verschiedenen Versendern basierend auf verschiedenen Zielorten, die uns vorteilhafte Preise f\u00fcr anbieten und garantieren<strong> temperaturgef\u00fchrte Lieferungen in ganz Europa<\/strong> .<\/p>\n<p>Von der Lagerung im Lager bis zum Kunden garantieren wir die<strong> Aufrechterhaltung der K\u00fchlkette<\/strong> , dank der Genauigkeit unserer Mitarbeiter bei der Bew\u00e4ltigung dieser heiklen, aber sehr wichtigen Phase, um das Produkt immer mit 100% seiner Ausbeute zu haben.<\/p>\n<p><strong>Bestellungen werden im gesamten Gebiet schnell bearbeitet, wobei besondere Dringlichkeiten ber\u00fccksichtigt werden<\/strong> .<\/p>\n<h5>Der Kunde steht immer im Mittelpunkt unserer Arbeit und wir sind immer an seiner Seite, um ihm besser zu dienen.<\/h5>\n[\/vc_column_text][nectar_cta btn_style=&#8220;arrow-animation&#8220; heading_tag=&#8220;h4&#8243; text_color=&#8220;#dd3333&#8243; button_color=&#8220;default&#8220; link_type=&#8220;regular&#8220; alignment=&#8220;left&#8220; alignment_tablet=&#8220;default&#8220; alignment_phone=&#8220;default&#8220; display=&#8220;block&#8220; link_text=&#8220;M\u00f6chten Sie mehr Informationen?&#8220; url=&#8220;\/ Kontakte \/ # Mod-Kontakte&#8220; margin_top=&#8220;20&#8243;][\/vc_column_inner][\/vc_row_inner][\/vc_column][vc_column column_padding=&#8220;no-extra-padding&#8220; column_padding_tablet=&#8220;inherit&#8220; column_padding_phone=&#8220;inherit&#8220; column_padding_position=&#8220;all&#8220; column_element_spacing=&#8220;default&#8220; background_color_opacity=&#8220;1&#8243; background_hover_color_opacity=&#8220;1&#8243; column_shadow=&#8220;none&#8220; column_border_radius=&#8220;none&#8220; column_link_target=&#8220;_self&#8220; gradient_direction=&#8220;left_to_right&#8220; overlay_strength=&#8220;0.5&#8243; width=&#8220;1\/2&#8243; tablet_width_inherit=&#8220;default&#8220; tablet_text_alignment=&#8220;default&#8220; phone_text_alignment=&#8220;default&#8220; bg_image_animation=&#8220;none&#8220; border_type=&#8220;simple&#8220; column_border_width=&#8220;none&#8220; column_border_style=&#8220;solid&#8220; offset=&#8220;vc_col-xs-12&#8243;][vc_row_inner column_margin=&#8220;default&#8220; column_direction=&#8220;default&#8220; column_direction_tablet=&#8220;default&#8220; column_direction_phone=&#8220;default&#8220; text_align=&#8220;left&#8220;][vc_column_inner column_padding=&#8220;no-extra-padding&#8220; column_padding_tablet=&#8220;inherit&#8220; column_padding_phone=&#8220;inherit&#8220; column_padding_position=&#8220;all&#8220; column_element_spacing=&#8220;default&#8220; background_color_opacity=&#8220;1&#8243; background_hover_color_opacity=&#8220;1&#8243; background_image=&#8220;605&#8243; background_image_position=&#8220;center center&#8220; enable_bg_scale=&#8220;true&#8220; background_image_loading=&#8220;default&#8220; column_shadow=&#8220;none&#8220; column_border_radius=&#8220;none&#8220; column_link_target=&#8220;_self&#8220; gradient_direction=&#8220;left_to_right&#8220; overlay_strength=&#8220;0.5&#8243; width=&#8220;1\/1&#8243; tablet_width_inherit=&#8220;default&#8220; bg_image_animation=&#8220;zoom-out-slow&#8220; enable_animation=&#8220;true&#8220; animation=&#8220;fade-in&#8220; parallax_bg=&#8220;true&#8220; parallax_bg_speed=&#8220;fast&#8220; border_type=&#8220;simple&#8220; column_border_width=&#8220;none&#8220; column_border_style=&#8220;solid&#8220;][divider line_type=&#8220;No Line&#8220; custom_height=&#8220;55vh&#8220; custom_height_tablet=&#8220;40vh&#8220; custom_height_phone=&#8220;300px&#8220;][\/vc_column_inner][\/vc_row_inner][\/vc_column][\/vc_row]\n","protected":false},"excerpt":{"rendered":"<p>[vc_row type=&#8220;full_width_background&#8220; full_screen_row_position=&#8220;middle&#8220; column_margin=&#8220;90px&#8220; equal_height=&#8220;yes&#8220; content_placement=&#8220;middle&#8220; column_direction=&#8220;default&#8220; column_direction_tablet=&#8220;default&#8220; column_direction_phone=&#8220;default&#8220; bg_color=&#8220;#ffffff&#8220; scene_position=&#8220;center&#8220; top_padding_tablet=&#8220;8%&#8220; bottom_padding_tablet=&#8220;8%&#8220; text_color=&#8220;dark&#8220; text_align=&#8220;left&#8220; row_border_radius=&#8220;none&#8220; row_border_radius_applies=&#8220;bg&#8220; id=&#8220;home&#8220; row_name=&#8220;Pinsa Amore Group&#8220; overlay_strength=&#8220;0.5&#8243; gradient_direction=&#8220;top_to_bottom&#8220; shape_divider_position=&#8220;bottom&#8220; bg_image_animation=&#8220;none&#8220; shape_type=&#8220;straight_section&#8220;][vc_column column_padding=&#8220;padding-4-percent&#8220; column_padding_tablet=&#8220;no-extra-padding&#8220; column_padding_phone=&#8220;no-extra-padding&#8220; column_padding_position=&#8220;right&#8220;&#8230;<\/p>\n","protected":false},"author":1,"featured_media":0,"parent":0,"menu_order":0,"comment_status":"closed","ping_status":"closed","template":"","meta":{"footnotes":""},"class_list":["post-360","page","type-page","status-publish"],"yoast_head":"<!-- This site is optimized with the Yoast SEO plugin v27.4 - https:\/\/yoast.com\/product\/yoast-seo-wordpress\/ -->\n<title>Amore Pinsa Group &#8212; Verteilung<\/title>\n<meta name=\"description\" content=\"Erfahren Sie mehr \u00fcber das Vertriebsnetz von Amore Pinsa, das seine Produkte in Restaurants in ganz Europa vertreibt\" \/>\n<meta name=\"robots\" content=\"index, follow, max-snippet:-1, max-image-preview:large, max-video-preview:-1\" \/>\n<link rel=\"canonical\" href=\"https:\/\/amorepinsa.com\/de\/verteilung\/\" \/>\n<meta property=\"og:locale\" content=\"de_DE\" \/>\n<meta property=\"og:type\" content=\"article\" \/>\n<meta property=\"og:title\" content=\"Amore Pinsa Group &#8212; Verteilung\" \/>\n<meta property=\"og:description\" content=\"Erfahren Sie mehr \u00fcber das Vertriebsnetz von Amore Pinsa, das seine Produkte in Restaurants in ganz Europa vertreibt\" \/>\n<meta property=\"og:url\" content=\"https:\/\/amorepinsa.com\/de\/verteilung\/\" \/>\n<meta property=\"og:site_name\" content=\"Amore Pinsa Group\" \/>\n<meta property=\"article:publisher\" content=\"https:\/\/m.facebook.com\/AmorePinsa\/\" \/>\n<meta property=\"article:modified_time\" content=\"2024-11-23T08:30:36+00:00\" \/>\n<meta property=\"og:image\" content=\"https:\/\/amorepinsa.com\/wp-content\/uploads\/2021\/09\/pinsa-bufala-fresca-scaled.jpg\" \/>\n\t<meta property=\"og:image:width\" content=\"2560\" \/>\n\t<meta property=\"og:image:height\" content=\"2560\" \/>\n\t<meta property=\"og:image:type\" content=\"image\/jpeg\" \/>\n<meta name=\"twitter:card\" content=\"summary_large_image\" \/>\n<meta name=\"twitter:label1\" content=\"Gesch\u00e4tzte Lesezeit\" \/>\n\t<meta name=\"twitter:data1\" content=\"3\u00a0Minuten\" \/>\n<script type=\"application\/ld+json\" class=\"yoast-schema-graph\">{\"@context\":\"https:\\\/\\\/schema.org\",\"@graph\":[{\"@type\":\"WebPage\",\"@id\":\"https:\\\/\\\/amorepinsa.com\\\/de\\\/verteilung\\\/\",\"url\":\"https:\\\/\\\/amorepinsa.com\\\/de\\\/verteilung\\\/\",\"name\":\"Amore Pinsa Group &#8212; Verteilung\",\"isPartOf\":{\"@id\":\"https:\\\/\\\/amorepinsa.com\\\/#website\"},\"datePublished\":\"2021-09-07T18:38:37+00:00\",\"dateModified\":\"2024-11-23T08:30:36+00:00\",\"description\":\"Erfahren Sie mehr \u00fcber das Vertriebsnetz von Amore Pinsa, das seine Produkte in Restaurants in ganz Europa vertreibt\",\"breadcrumb\":{\"@id\":\"https:\\\/\\\/amorepinsa.com\\\/de\\\/verteilung\\\/#breadcrumb\"},\"inLanguage\":\"de\",\"potentialAction\":[{\"@type\":\"ReadAction\",\"target\":[\"https:\\\/\\\/amorepinsa.com\\\/de\\\/verteilung\\\/\"]}]},{\"@type\":\"BreadcrumbList\",\"@id\":\"https:\\\/\\\/amorepinsa.com\\\/de\\\/verteilung\\\/#breadcrumb\",\"itemListElement\":[{\"@type\":\"ListItem\",\"position\":1,\"name\":\"Home\",\"item\":\"https:\\\/\\\/amorepinsa.com\\\/de\\\/\"},{\"@type\":\"ListItem\",\"position\":2,\"name\":\"Verteilung\"}]},{\"@type\":\"WebSite\",\"@id\":\"https:\\\/\\\/amorepinsa.com\\\/#website\",\"url\":\"https:\\\/\\\/amorepinsa.com\\\/\",\"name\":\"Amore Pinsa Group\",\"description\":\"La Pinsa fatta con Amore\",\"publisher\":{\"@id\":\"https:\\\/\\\/amorepinsa.com\\\/#organization\"},\"potentialAction\":[{\"@type\":\"SearchAction\",\"target\":{\"@type\":\"EntryPoint\",\"urlTemplate\":\"https:\\\/\\\/amorepinsa.com\\\/?s={search_term_string}\"},\"query-input\":{\"@type\":\"PropertyValueSpecification\",\"valueRequired\":true,\"valueName\":\"search_term_string\"}}],\"inLanguage\":\"de\"},{\"@type\":\"Organization\",\"@id\":\"https:\\\/\\\/amorepinsa.com\\\/#organization\",\"name\":\"Amore Pinsa Group\",\"url\":\"https:\\\/\\\/amorepinsa.com\\\/\",\"logo\":{\"@type\":\"ImageObject\",\"inLanguage\":\"de\",\"@id\":\"https:\\\/\\\/amorepinsa.com\\\/#\\\/schema\\\/logo\\\/image\\\/\",\"url\":\"https:\\\/\\\/amorepinsa.com\\\/wp-content\\\/uploads\\\/2021\\\/09\\\/amore-pinsa-red.png\",\"contentUrl\":\"https:\\\/\\\/amorepinsa.com\\\/wp-content\\\/uploads\\\/2021\\\/09\\\/amore-pinsa-red.png\",\"width\":848,\"height\":768,\"caption\":\"Amore Pinsa Group\"},\"image\":{\"@id\":\"https:\\\/\\\/amorepinsa.com\\\/#\\\/schema\\\/logo\\\/image\\\/\"},\"sameAs\":[\"https:\\\/\\\/m.facebook.com\\\/AmorePinsa\\\/\",\"https:\\\/\\\/www.instagram.com\\\/pins.amore\\\/\"]}]}<\/script>\n<!-- \/ Yoast SEO plugin. -->","yoast_head_json":{"title":"Amore Pinsa Group &#8212; Verteilung","description":"Erfahren Sie mehr \u00fcber das Vertriebsnetz von Amore Pinsa, das seine Produkte in Restaurants in ganz Europa vertreibt","robots":{"index":"index","follow":"follow","max-snippet":"max-snippet:-1","max-image-preview":"max-image-preview:large","max-video-preview":"max-video-preview:-1"},"canonical":"https:\/\/amorepinsa.com\/de\/verteilung\/","og_locale":"de_DE","og_type":"article","og_title":"Amore Pinsa Group &#8212; Verteilung","og_description":"Erfahren Sie mehr \u00fcber das Vertriebsnetz von Amore Pinsa, das seine Produkte in Restaurants in ganz Europa vertreibt","og_url":"https:\/\/amorepinsa.com\/de\/verteilung\/","og_site_name":"Amore Pinsa Group","article_publisher":"https:\/\/m.facebook.com\/AmorePinsa\/","article_modified_time":"2024-11-23T08:30:36+00:00","og_image":[{"width":2560,"height":2560,"url":"https:\/\/amorepinsa.com\/wp-content\/uploads\/2021\/09\/pinsa-bufala-fresca-scaled.jpg","type":"image\/jpeg"}],"twitter_card":"summary_large_image","twitter_misc":{"Gesch\u00e4tzte Lesezeit":"3\u00a0Minuten"},"schema":{"@context":"https:\/\/schema.org","@graph":[{"@type":"WebPage","@id":"https:\/\/amorepinsa.com\/de\/verteilung\/","url":"https:\/\/amorepinsa.com\/de\/verteilung\/","name":"Amore Pinsa Group &#8212; Verteilung","isPartOf":{"@id":"https:\/\/amorepinsa.com\/#website"},"datePublished":"2021-09-07T18:38:37+00:00","dateModified":"2024-11-23T08:30:36+00:00","description":"Erfahren Sie mehr \u00fcber das Vertriebsnetz von Amore Pinsa, das seine Produkte in Restaurants in ganz Europa vertreibt","breadcrumb":{"@id":"https:\/\/amorepinsa.com\/de\/verteilung\/#breadcrumb"},"inLanguage":"de","potentialAction":[{"@type":"ReadAction","target":["https:\/\/amorepinsa.com\/de\/verteilung\/"]}]},{"@type":"BreadcrumbList","@id":"https:\/\/amorepinsa.com\/de\/verteilung\/#breadcrumb","itemListElement":[{"@type":"ListItem","position":1,"name":"Home","item":"https:\/\/amorepinsa.com\/de\/"},{"@type":"ListItem","position":2,"name":"Verteilung"}]},{"@type":"WebSite","@id":"https:\/\/amorepinsa.com\/#website","url":"https:\/\/amorepinsa.com\/","name":"Amore Pinsa Group","description":"La Pinsa fatta con Amore","publisher":{"@id":"https:\/\/amorepinsa.com\/#organization"},"potentialAction":[{"@type":"SearchAction","target":{"@type":"EntryPoint","urlTemplate":"https:\/\/amorepinsa.com\/?s={search_term_string}"},"query-input":{"@type":"PropertyValueSpecification","valueRequired":true,"valueName":"search_term_string"}}],"inLanguage":"de"},{"@type":"Organization","@id":"https:\/\/amorepinsa.com\/#organization","name":"Amore Pinsa Group","url":"https:\/\/amorepinsa.com\/","logo":{"@type":"ImageObject","inLanguage":"de","@id":"https:\/\/amorepinsa.com\/#\/schema\/logo\/image\/","url":"https:\/\/amorepinsa.com\/wp-content\/uploads\/2021\/09\/amore-pinsa-red.png","contentUrl":"https:\/\/amorepinsa.com\/wp-content\/uploads\/2021\/09\/amore-pinsa-red.png","width":848,"height":768,"caption":"Amore Pinsa Group"},"image":{"@id":"https:\/\/amorepinsa.com\/#\/schema\/logo\/image\/"},"sameAs":["https:\/\/m.facebook.com\/AmorePinsa\/","https:\/\/www.instagram.com\/pins.amore\/"]}]}},"_links":{"self":[{"href":"https:\/\/amorepinsa.com\/de\/wp-json\/wp\/v2\/pages\/360","targetHints":{"allow":["GET"]}}],"collection":[{"href":"https:\/\/amorepinsa.com\/de\/wp-json\/wp\/v2\/pages"}],"about":[{"href":"https:\/\/amorepinsa.com\/de\/wp-json\/wp\/v2\/types\/page"}],"author":[{"embeddable":true,"href":"https:\/\/amorepinsa.com\/de\/wp-json\/wp\/v2\/users\/1"}],"replies":[{"embeddable":true,"href":"https:\/\/amorepinsa.com\/de\/wp-json\/wp\/v2\/comments?post=360"}],"version-history":[{"count":5,"href":"https:\/\/amorepinsa.com\/de\/wp-json\/wp\/v2\/pages\/360\/revisions"}],"predecessor-version":[{"id":611,"href":"https:\/\/amorepinsa.com\/de\/wp-json\/wp\/v2\/pages\/360\/revisions\/611"}],"wp:attachment":[{"href":"https:\/\/amorepinsa.com\/de\/wp-json\/wp\/v2\/media?parent=360"}],"curies":[{"name":"wp","href":"https:\/\/api.w.org\/{rel}","templated":true}]}}