{"id":349,"date":"2021-09-07T20:38:29","date_gmt":"2021-09-07T18:38:29","guid":{"rendered":"https:\/\/amorepinsa.com\/kontakte\/"},"modified":"2024-11-23T09:29:14","modified_gmt":"2024-11-23T08:29:14","slug":"kontakte","status":"publish","type":"page","link":"https:\/\/amorepinsa.com\/de\/kontakte\/","title":{"rendered":"Kontakte"},"content":{"rendered":"[vc_row type=&#8220;full_width_content&#8220; full_screen_row_position=&#8220;middle&#8220; column_margin=&#8220;default&#8220; equal_height=&#8220;yes&#8220; content_placement=&#8220;middle&#8220; column_direction=&#8220;default&#8220; column_direction_tablet=&#8220;column_reverse&#8220; column_direction_phone=&#8220;column_reverse&#8220; bg_color=&#8220;#ffffff&#8220; scene_position=&#8220;center&#8220; translate_y=&#8220;200px&#8220; text_color=&#8220;dark&#8220; text_align=&#8220;left&#8220; row_border_radius=&#8220;none&#8220; row_border_radius_applies=&#8220;bg&#8220; row_name=&#8220;Contatti Generali&#8220; overlay_strength=&#8220;0.95&#8243; gradient_direction=&#8220;left_to_right&#8220; shape_divider_position=&#8220;bottom&#8220; bg_image_animation=&#8220;zoom-out-slow&#8220; shape_type=&#8220;&#8220;][vc_column column_padding=&#8220;padding-4-percent&#8220; column_padding_tablet=&#8220;inherit&#8220; column_padding_phone=&#8220;inherit&#8220; column_padding_position=&#8220;top-bottom&#8220; column_element_spacing=&#8220;default&#8220; background_color_opacity=&#8220;1&#8243; background_hover_color_opacity=&#8220;1&#8243; column_shadow=&#8220;none&#8220; column_border_radius=&#8220;none&#8220; column_link_target=&#8220;_self&#8220; gradient_direction=&#8220;left_to_right&#8220; overlay_strength=&#8220;0.3&#8243; width=&#8220;1\/2&#8243; tablet_width_inherit=&#8220;default&#8220; tablet_text_alignment=&#8220;default&#8220; phone_text_alignment=&#8220;default&#8220; bg_image_animation=&#8220;none&#8220; enable_animation=&#8220;true&#8220; animation=&#8220;grow-in&#8220; border_type=&#8220;simple&#8220; column_border_width=&#8220;none&#8220; column_border_style=&#8220;solid&#8220; delay=&#8220;200&#8243;][nectar_gmap map_type=&#8220;leaflet&#8220; zoom=&#8220;15&#8243; marker_style=&#8220;nectar&#8220; color=&#8220;accent-color&#8220; leaflet_map_greyscale=&#8220;1&#8243; map_center_lat=&#8220;45.647823&#8243; map_center_lng=&#8220;9.1681&#8243; map_markers=&#8220;45.647823|9.1681|Laboratorio Pinsa &amp; Amore&#8220; size=&#8220;700&#8243;][\/vc_column][vc_column column_padding=&#8220;padding-4-percent&#8220; column_padding_tablet=&#8220;padding-4-percent&#8220; column_padding_phone=&#8220;padding-4-percent&#8220; column_padding_position=&#8220;all&#8220; column_element_spacing=&#8220;default&#8220; background_color_opacity=&#8220;0.9&#8243; background_hover_color_opacity=&#8220;1&#8243; column_shadow=&#8220;none&#8220; column_border_radius=&#8220;none&#8220; column_link_target=&#8220;_self&#8220; gradient_direction=&#8220;left_to_right&#8220; overlay_strength=&#8220;0.95&#8243; width=&#8220;1\/2&#8243; tablet_width_inherit=&#8220;default&#8220; tablet_text_alignment=&#8220;default&#8220; phone_text_alignment=&#8220;default&#8220; bg_image_animation=&#8220;none&#8220; enable_animation=&#8220;true&#8220; animation=&#8220;grow-in&#8220; border_type=&#8220;simple&#8220; column_border_width=&#8220;none&#8220; column_border_style=&#8220;solid&#8220; delay=&#8220;300&#8243;][vc_column_text css_animation=&#8220;none&#8220;]\n<h3 style=\"color: #bf463f;\">Kontakte.<\/h3>\n<p>Kontaktieren Sie uns f\u00fcr ausf\u00fchrliche Informationen \u00fcber unser Unternehmen oder unser Produkt oder einfach um eine Kostprobe zu erhalten, wenn Sie die Neugier qu\u00e4lt, die wir in Ihnen geweckt haben. La Pinsa di Pinsa Amore ist ein Synonym f\u00fcr Qualit\u00e4t und Delikatesse, einfach zuzubereiten und zug\u00e4nglich f\u00fcr Tausende von s\u00fc\u00dfen und herzhaften Rezepten, die Sie Ihren Kunden anbieten k\u00f6nnen.<\/p>\n<h3 style=\"color: #bf463f;\">Hauptsitz &#8211; Seveso.<\/h3>\n<p>Via Vignazzola, 155, 20822 Seveso MB, Italien<\/p>\n<ul>\n<li><a href=\"mailto:amorepinsagroup@gmail.com\"><em>amorepinsagroup@gmail.com<\/em><\/a><\/li>\n<li><a href=\"mailto:info@amorepinsa.com\"><em>info@amorepinsa.com<\/em><\/a><\/li>\n<li><em><a href=\"tel:+3903621448948\">+39 0362 144 8948<\/a><\/em><\/li>\n<\/ul>\n<h3 style=\"color: #bf463f;\">Kaufm\u00e4nnischer Leiter.<\/h3>\n<h4>Angelo Salvo<\/h4>\n<ul>\n<li><a href=\"mailto:asalvo@amorepinsa.com\"><em>asalvo@amorepinsa.com<\/em><\/a><\/li>\n<li><a href=\"tel:+393897825156\"><span lang=\"EN-US\" xml:lang=\"EN-US\">+39 389 7825156<\/span><\/a><\/li>\n<\/ul>\n<h3 style=\"color: #bf463f;\">Verkaufsleiter Schweiz.<\/h3>\n<h4>Alessandro Abballe<\/h4>\n<ul>\n<li><em><a href=\"mailto:alessandro.abballe@amorepinsa.de\">alessandro.abballe@amorepinsa.de<\/a><\/em><\/li>\n<li><a href=\"tel:+393281772177\">+39 3281772177<\/a><\/li>\n<\/ul>\n<div class=\"notranslate\" style=\"all: initial;\"><\/div>\n[\/vc_column_text][\/vc_column][vc_column column_padding=&#8220;no-extra-padding&#8220; column_padding_tablet=&#8220;inherit&#8220; column_padding_phone=&#8220;inherit&#8220; column_padding_position=&#8220;all&#8220; column_element_spacing=&#8220;default&#8220; background_color_opacity=&#8220;1&#8243; background_hover_color_opacity=&#8220;1&#8243; column_shadow=&#8220;none&#8220; column_border_radius=&#8220;none&#8220; column_link_target=&#8220;_self&#8220; gradient_direction=&#8220;left_to_right&#8220; overlay_strength=&#8220;0.3&#8243; width=&#8220;1\/1&#8243; tablet_width_inherit=&#8220;default&#8220; tablet_text_alignment=&#8220;default&#8220; phone_text_alignment=&#8220;default&#8220; bg_image_animation=&#8220;none&#8220; border_type=&#8220;simple&#8220; column_border_width=&#8220;none&#8220; column_border_style=&#8220;solid&#8220;][nectar_cta btn_style=&#8220;next-section&#8220; btn_type=&#8220;minimal-arrow&#8220; next_section_color=&#8220;#dd3333&#8243; alignment=&#8220;center&#8220; alignment_tablet=&#8220;center&#8220; alignment_phone=&#8220;center&#8220; margin_top=&#8220;20&#8243;][\/vc_column][\/vc_row][vc_row type=&#8220;full_width_background&#8220; full_screen_row_position=&#8220;middle&#8220; column_margin=&#8220;default&#8220; column_direction=&#8220;default&#8220; column_direction_tablet=&#8220;default&#8220; column_direction_phone=&#8220;default&#8220; scene_position=&#8220;center&#8220; text_color=&#8220;dark&#8220; text_align=&#8220;left&#8220; row_border_radius=&#8220;none&#8220; row_border_radius_applies=&#8220;bg&#8220; id=&#8220;mod-contatti&#8220; row_name=&#8220;Modulo di Contatto Rapido&#8220; overlay_strength=&#8220;0.3&#8243; gradient_direction=&#8220;left_to_right&#8220; shape_divider_position=&#8220;bottom&#8220; bg_image_animation=&#8220;none&#8220; shape_type=&#8220;&#8220;][vc_column column_padding=&#8220;no-extra-padding&#8220; column_padding_tablet=&#8220;inherit&#8220; column_padding_phone=&#8220;inherit&#8220; column_padding_position=&#8220;all&#8220; column_element_spacing=&#8220;default&#8220; background_color_opacity=&#8220;1&#8243; background_hover_color_opacity=&#8220;1&#8243; column_shadow=&#8220;none&#8220; column_border_radius=&#8220;none&#8220; column_link_target=&#8220;_self&#8220; gradient_direction=&#8220;left_to_right&#8220; overlay_strength=&#8220;0.3&#8243; width=&#8220;1\/1&#8243; tablet_width_inherit=&#8220;default&#8220; tablet_text_alignment=&#8220;default&#8220; phone_text_alignment=&#8220;default&#8220; bg_image_animation=&#8220;none&#8220; border_type=&#8220;simple&#8220; column_border_width=&#8220;none&#8220; column_border_style=&#8220;solid&#8220;]\n<div class=\"wpcf7 no-js\" id=\"wpcf7-f428-o1\" lang=\"de-DE\" dir=\"ltr\" data-wpcf7-id=\"428\">\n<div class=\"screen-reader-response\"><p role=\"status\" aria-live=\"polite\" aria-atomic=\"true\"><\/p> <ul><\/ul><\/div>\n<form action=\"\/de\/wp-json\/wp\/v2\/pages\/349#wpcf7-f428-o1\" method=\"post\" class=\"wpcf7-form init\" aria-label=\"Kontaktformular\" novalidate=\"novalidate\" data-status=\"init\">\n<fieldset class=\"hidden-fields-container\"><input type=\"hidden\" name=\"_wpcf7\" value=\"428\" \/><input type=\"hidden\" name=\"_wpcf7_version\" value=\"6.1.5\" \/><input type=\"hidden\" name=\"_wpcf7_locale\" value=\"de_DE\" \/><input type=\"hidden\" name=\"_wpcf7_unit_tag\" value=\"wpcf7-f428-o1\" \/><input type=\"hidden\" name=\"_wpcf7_container_post\" value=\"0\" \/><input type=\"hidden\" name=\"_wpcf7_posted_data_hash\" value=\"\" \/>\n<\/fieldset>\n<div class=\"nectar-wpcf7-inline-form\">\n\t<div class=\"nectar-wpcf7-inline-field\">\n\t\t<p><span class=\"wpcf7-form-control-wrap\" data-name=\"nome\"><input size=\"40\" maxlength=\"400\" class=\"wpcf7-form-control wpcf7-text wpcf7-validates-as-required\" aria-required=\"true\" aria-invalid=\"false\" placeholder=\"Vorname\" value=\"\" type=\"text\" name=\"nome\" \/><\/span>\n\t\t<\/p>\n\t<\/div>\n\t<div class=\"nectar-wpcf7-inline-field\">\n\t\t<p><span class=\"wpcf7-form-control-wrap\" data-name=\"cognome\"><input size=\"40\" maxlength=\"400\" class=\"wpcf7-form-control wpcf7-text wpcf7-validates-as-required\" aria-required=\"true\" aria-invalid=\"false\" placeholder=\"Nachname\" value=\"\" type=\"text\" name=\"cognome\" \/><\/span>\n\t\t<\/p>\n\t<\/div>\n<\/div>\n<div class=\"nectar-wpcf7-inline-form\">\n\t<div class=\"nectar-wpcf7-inline-field\">\n\t\t<p><span class=\"wpcf7-form-control-wrap\" data-name=\"azienda\"><input size=\"40\" maxlength=\"400\" class=\"wpcf7-form-control wpcf7-text wpcf7-validates-as-required\" aria-required=\"true\" aria-invalid=\"false\" placeholder=\"Agentur\" value=\"\" type=\"text\" name=\"azienda\" \/><\/span>\n\t\t<\/p>\n\t<\/div>\n\t<div class=\"nectar-wpcf7-inline-field\">\n\t\t<p><span class=\"wpcf7-form-control-wrap\" data-name=\"tel-214\"><input size=\"40\" maxlength=\"400\" class=\"wpcf7-form-control wpcf7-tel wpcf7-validates-as-required wpcf7-text wpcf7-validates-as-tel\" aria-required=\"true\" aria-invalid=\"false\" placeholder=\"Telefonnummer\" value=\"\" type=\"tel\" name=\"tel-214\" \/><\/span>\n\t\t<\/p>\n\t<\/div>\n<\/div>\n<p><span class=\"wpcf7-form-control-wrap\" data-name=\"email\"><input size=\"40\" maxlength=\"400\" class=\"wpcf7-form-control wpcf7-email wpcf7-validates-as-required wpcf7-text wpcf7-validates-as-email\" aria-required=\"true\" aria-invalid=\"false\" placeholder=\"E-Mail-Addresse\" value=\"\" type=\"email\" name=\"email\" \/><\/span><br \/>\n<span class=\"wpcf7-form-control-wrap\" data-name=\"testo\"><textarea cols=\"40\" rows=\"10\" maxlength=\"2000\" class=\"wpcf7-form-control wpcf7-textarea\" aria-invalid=\"false\" placeholder=\"Anfrage\" name=\"testo\"><\/textarea><\/span>\n<\/p>\n<p><span class=\"wpcf7-form-control-wrap\" data-name=\"privacy\"><span class=\"wpcf7-form-control wpcf7-acceptance\"><span class=\"wpcf7-list-item\"><label><input type=\"checkbox\" name=\"privacy\" value=\"1\" aria-invalid=\"false\" \/><span class=\"wpcf7-list-item-label\">Ich lese das<a href=\"\/privacy-policy\/\"> Datenschutz-Bestimmungen<\/a> und ich stimme der Speicherung meiner Daten gem\u00e4\u00df der Europ\u00e4ischen Verordnung zum Schutz personenbezogener Daten n. 679\/2016 (DSGVO), f\u00fcr Informationen zu den Dienstleistungen der Amore Pinsa Group<\/span><\/label><\/span><\/span><\/span>\n<\/p>\n<p><input class=\"wpcf7-form-control wpcf7-submit has-spinner\" type=\"submit\" value=\"kontakt\" \/>\n<\/p><div class=\"wpcf7-response-output\" aria-hidden=\"true\"><\/div>\n<\/form>\n<\/div>\n[\/vc_column][\/vc_row]\n","protected":false},"excerpt":{"rendered":"<p>[vc_row type=&#8220;full_width_content&#8220; full_screen_row_position=&#8220;middle&#8220; column_margin=&#8220;default&#8220; equal_height=&#8220;yes&#8220; content_placement=&#8220;middle&#8220; column_direction=&#8220;default&#8220; column_direction_tablet=&#8220;column_reverse&#8220; column_direction_phone=&#8220;column_reverse&#8220; bg_color=&#8220;#ffffff&#8220; scene_position=&#8220;center&#8220; translate_y=&#8220;200px&#8220; text_color=&#8220;dark&#8220; text_align=&#8220;left&#8220; row_border_radius=&#8220;none&#8220; row_border_radius_applies=&#8220;bg&#8220; row_name=&#8220;Contatti Generali&#8220; overlay_strength=&#8220;0.95&#8243; gradient_direction=&#8220;left_to_right&#8220; shape_divider_position=&#8220;bottom&#8220; bg_image_animation=&#8220;zoom-out-slow&#8220; shape_type=&#8220;&#8220;][vc_column column_padding=&#8220;padding-4-percent&#8220; column_padding_tablet=&#8220;inherit&#8220; column_padding_phone=&#8220;inherit&#8220; column_padding_position=&#8220;top-bottom&#8220; column_element_spacing=&#8220;default&#8220; background_color_opacity=&#8220;1&#8243; background_hover_color_opacity=&#8220;1&#8243;&#8230;<\/p>\n","protected":false},"author":1,"featured_media":0,"parent":0,"menu_order":0,"comment_status":"closed","ping_status":"closed","template":"","meta":{"footnotes":""},"class_list":["post-349","page","type-page","status-publish"],"yoast_head":"<!-- This site is optimized with the Yoast SEO plugin v27.4 - https:\/\/yoast.com\/product\/yoast-seo-wordpress\/ -->\n<title>Amore Pinsa Group &#8212; Kontakte<\/title>\n<meta name=\"description\" content=\"Kontaktinformationen des handgefertigten Pinsa-Herstellers Amore Pinsa Group\" \/>\n<meta name=\"robots\" content=\"index, follow, max-snippet:-1, max-image-preview:large, max-video-preview:-1\" \/>\n<link rel=\"canonical\" href=\"https:\/\/amorepinsa.com\/de\/kontakte\/\" \/>\n<meta property=\"og:locale\" content=\"de_DE\" \/>\n<meta property=\"og:type\" content=\"article\" \/>\n<meta property=\"og:title\" content=\"Amore Pinsa Group &#8212; Kontakte\" \/>\n<meta property=\"og:description\" content=\"Kontaktinformationen des handgefertigten Pinsa-Herstellers Amore Pinsa Group\" \/>\n<meta property=\"og:url\" content=\"https:\/\/amorepinsa.com\/de\/kontakte\/\" \/>\n<meta property=\"og:site_name\" content=\"Amore Pinsa Group\" \/>\n<meta property=\"article:publisher\" content=\"https:\/\/m.facebook.com\/AmorePinsa\/\" \/>\n<meta property=\"article:modified_time\" content=\"2024-11-23T08:29:14+00:00\" \/>\n<meta property=\"og:image\" content=\"https:\/\/amorepinsa.com\/wp-content\/uploads\/2021\/09\/pinsa-bufala-fresca-scaled.jpg\" \/>\n\t<meta property=\"og:image:width\" content=\"2560\" \/>\n\t<meta property=\"og:image:height\" content=\"2560\" \/>\n\t<meta property=\"og:image:type\" content=\"image\/jpeg\" \/>\n<meta name=\"twitter:card\" content=\"summary_large_image\" \/>\n<meta name=\"twitter:label1\" content=\"Gesch\u00e4tzte Lesezeit\" \/>\n\t<meta name=\"twitter:data1\" content=\"3\u00a0Minuten\" \/>\n<script type=\"application\/ld+json\" class=\"yoast-schema-graph\">{\"@context\":\"https:\\\/\\\/schema.org\",\"@graph\":[{\"@type\":\"WebPage\",\"@id\":\"https:\\\/\\\/amorepinsa.com\\\/de\\\/kontakte\\\/\",\"url\":\"https:\\\/\\\/amorepinsa.com\\\/de\\\/kontakte\\\/\",\"name\":\"Amore Pinsa Group &#8212; Kontakte\",\"isPartOf\":{\"@id\":\"https:\\\/\\\/amorepinsa.com\\\/#website\"},\"datePublished\":\"2021-09-07T18:38:29+00:00\",\"dateModified\":\"2024-11-23T08:29:14+00:00\",\"description\":\"Kontaktinformationen des handgefertigten Pinsa-Herstellers Amore Pinsa Group\",\"breadcrumb\":{\"@id\":\"https:\\\/\\\/amorepinsa.com\\\/de\\\/kontakte\\\/#breadcrumb\"},\"inLanguage\":\"de\",\"potentialAction\":[{\"@type\":\"ReadAction\",\"target\":[\"https:\\\/\\\/amorepinsa.com\\\/de\\\/kontakte\\\/\"]}]},{\"@type\":\"BreadcrumbList\",\"@id\":\"https:\\\/\\\/amorepinsa.com\\\/de\\\/kontakte\\\/#breadcrumb\",\"itemListElement\":[{\"@type\":\"ListItem\",\"position\":1,\"name\":\"Home\",\"item\":\"https:\\\/\\\/amorepinsa.com\\\/de\\\/\"},{\"@type\":\"ListItem\",\"position\":2,\"name\":\"Kontakte\"}]},{\"@type\":\"WebSite\",\"@id\":\"https:\\\/\\\/amorepinsa.com\\\/#website\",\"url\":\"https:\\\/\\\/amorepinsa.com\\\/\",\"name\":\"Amore Pinsa Group\",\"description\":\"La Pinsa fatta con Amore\",\"publisher\":{\"@id\":\"https:\\\/\\\/amorepinsa.com\\\/#organization\"},\"potentialAction\":[{\"@type\":\"SearchAction\",\"target\":{\"@type\":\"EntryPoint\",\"urlTemplate\":\"https:\\\/\\\/amorepinsa.com\\\/?s={search_term_string}\"},\"query-input\":{\"@type\":\"PropertyValueSpecification\",\"valueRequired\":true,\"valueName\":\"search_term_string\"}}],\"inLanguage\":\"de\"},{\"@type\":\"Organization\",\"@id\":\"https:\\\/\\\/amorepinsa.com\\\/#organization\",\"name\":\"Amore Pinsa Group\",\"url\":\"https:\\\/\\\/amorepinsa.com\\\/\",\"logo\":{\"@type\":\"ImageObject\",\"inLanguage\":\"de\",\"@id\":\"https:\\\/\\\/amorepinsa.com\\\/#\\\/schema\\\/logo\\\/image\\\/\",\"url\":\"https:\\\/\\\/amorepinsa.com\\\/wp-content\\\/uploads\\\/2021\\\/09\\\/amore-pinsa-red.png\",\"contentUrl\":\"https:\\\/\\\/amorepinsa.com\\\/wp-content\\\/uploads\\\/2021\\\/09\\\/amore-pinsa-red.png\",\"width\":848,\"height\":768,\"caption\":\"Amore Pinsa Group\"},\"image\":{\"@id\":\"https:\\\/\\\/amorepinsa.com\\\/#\\\/schema\\\/logo\\\/image\\\/\"},\"sameAs\":[\"https:\\\/\\\/m.facebook.com\\\/AmorePinsa\\\/\",\"https:\\\/\\\/www.instagram.com\\\/pins.amore\\\/\"]}]}<\/script>\n<!-- \/ Yoast SEO plugin. -->","yoast_head_json":{"title":"Amore Pinsa Group &#8212; Kontakte","description":"Kontaktinformationen des handgefertigten Pinsa-Herstellers Amore Pinsa Group","robots":{"index":"index","follow":"follow","max-snippet":"max-snippet:-1","max-image-preview":"max-image-preview:large","max-video-preview":"max-video-preview:-1"},"canonical":"https:\/\/amorepinsa.com\/de\/kontakte\/","og_locale":"de_DE","og_type":"article","og_title":"Amore Pinsa Group &#8212; Kontakte","og_description":"Kontaktinformationen des handgefertigten Pinsa-Herstellers Amore Pinsa Group","og_url":"https:\/\/amorepinsa.com\/de\/kontakte\/","og_site_name":"Amore Pinsa Group","article_publisher":"https:\/\/m.facebook.com\/AmorePinsa\/","article_modified_time":"2024-11-23T08:29:14+00:00","og_image":[{"width":2560,"height":2560,"url":"https:\/\/amorepinsa.com\/wp-content\/uploads\/2021\/09\/pinsa-bufala-fresca-scaled.jpg","type":"image\/jpeg"}],"twitter_card":"summary_large_image","twitter_misc":{"Gesch\u00e4tzte Lesezeit":"3\u00a0Minuten"},"schema":{"@context":"https:\/\/schema.org","@graph":[{"@type":"WebPage","@id":"https:\/\/amorepinsa.com\/de\/kontakte\/","url":"https:\/\/amorepinsa.com\/de\/kontakte\/","name":"Amore Pinsa Group &#8212; Kontakte","isPartOf":{"@id":"https:\/\/amorepinsa.com\/#website"},"datePublished":"2021-09-07T18:38:29+00:00","dateModified":"2024-11-23T08:29:14+00:00","description":"Kontaktinformationen des handgefertigten Pinsa-Herstellers Amore Pinsa Group","breadcrumb":{"@id":"https:\/\/amorepinsa.com\/de\/kontakte\/#breadcrumb"},"inLanguage":"de","potentialAction":[{"@type":"ReadAction","target":["https:\/\/amorepinsa.com\/de\/kontakte\/"]}]},{"@type":"BreadcrumbList","@id":"https:\/\/amorepinsa.com\/de\/kontakte\/#breadcrumb","itemListElement":[{"@type":"ListItem","position":1,"name":"Home","item":"https:\/\/amorepinsa.com\/de\/"},{"@type":"ListItem","position":2,"name":"Kontakte"}]},{"@type":"WebSite","@id":"https:\/\/amorepinsa.com\/#website","url":"https:\/\/amorepinsa.com\/","name":"Amore Pinsa Group","description":"La Pinsa fatta con Amore","publisher":{"@id":"https:\/\/amorepinsa.com\/#organization"},"potentialAction":[{"@type":"SearchAction","target":{"@type":"EntryPoint","urlTemplate":"https:\/\/amorepinsa.com\/?s={search_term_string}"},"query-input":{"@type":"PropertyValueSpecification","valueRequired":true,"valueName":"search_term_string"}}],"inLanguage":"de"},{"@type":"Organization","@id":"https:\/\/amorepinsa.com\/#organization","name":"Amore Pinsa Group","url":"https:\/\/amorepinsa.com\/","logo":{"@type":"ImageObject","inLanguage":"de","@id":"https:\/\/amorepinsa.com\/#\/schema\/logo\/image\/","url":"https:\/\/amorepinsa.com\/wp-content\/uploads\/2021\/09\/amore-pinsa-red.png","contentUrl":"https:\/\/amorepinsa.com\/wp-content\/uploads\/2021\/09\/amore-pinsa-red.png","width":848,"height":768,"caption":"Amore Pinsa Group"},"image":{"@id":"https:\/\/amorepinsa.com\/#\/schema\/logo\/image\/"},"sameAs":["https:\/\/m.facebook.com\/AmorePinsa\/","https:\/\/www.instagram.com\/pins.amore\/"]}]}},"_links":{"self":[{"href":"https:\/\/amorepinsa.com\/de\/wp-json\/wp\/v2\/pages\/349","targetHints":{"allow":["GET"]}}],"collection":[{"href":"https:\/\/amorepinsa.com\/de\/wp-json\/wp\/v2\/pages"}],"about":[{"href":"https:\/\/amorepinsa.com\/de\/wp-json\/wp\/v2\/types\/page"}],"author":[{"embeddable":true,"href":"https:\/\/amorepinsa.com\/de\/wp-json\/wp\/v2\/users\/1"}],"replies":[{"embeddable":true,"href":"https:\/\/amorepinsa.com\/de\/wp-json\/wp\/v2\/comments?post=349"}],"version-history":[{"count":13,"href":"https:\/\/amorepinsa.com\/de\/wp-json\/wp\/v2\/pages\/349\/revisions"}],"predecessor-version":[{"id":608,"href":"https:\/\/amorepinsa.com\/de\/wp-json\/wp\/v2\/pages\/349\/revisions\/608"}],"wp:attachment":[{"href":"https:\/\/amorepinsa.com\/de\/wp-json\/wp\/v2\/media?parent=349"}],"curies":[{"name":"wp","href":"https:\/\/api.w.org\/{rel}","templated":true}]}}